{"id":9404,"date":"2024-06-29T23:27:04","date_gmt":"2024-06-30T02:27:04","guid":{"rendered":"https:\/\/combio.com.br\/?page_id=9404"},"modified":"2024-07-07T00:34:25","modified_gmt":"2024-07-07T03:34:25","slug":"biomassa","status":"publish","type":"page","link":"https:\/\/combio.com.br\/pt_br\/biomassa\/","title":{"rendered":"ComBio e ODS"},"content":{"rendered":"\t\t<div data-elementor-type=\"wp-page\" data-elementor-id=\"9404\" class=\"elementor elementor-9404\" data-elementor-post-type=\"page\">\n\t\t\t\t\t\t<section class=\"elementor-section elementor-top-section elementor-element elementor-element-3447523c elementor-section-height-full elementor-hidden-tablet elementor-hidden-mobile elementor-section-boxed elementor-section-height-default elementor-section-items-middle\" data-id=\"3447523c\" data-element_type=\"section\" data-settings=\"{&quot;background_background&quot;:&quot;classic&quot;,&quot;shape_divider_bottom&quot;:&quot;opacity-fan&quot;}\">\n\t\t\t\t\t\t\t<div class=\"elementor-background-overlay\"><\/div>\n\t\t\t\t\t\t<div class=\"elementor-shape elementor-shape-bottom\" aria-hidden=\"true\" data-negative=\"false\">\n\t\t\t<svg xmlns=\"http:\/\/www.w3.org\/2000\/svg\" viewBox=\"0 0 283.5 19.6\" preserveAspectRatio=\"none\">\n\t<path class=\"elementor-shape-fill\" style=\"opacity:0.33\" d=\"M0 0L0 18.8 141.8 4.1 283.5 18.8 283.5 0z\"\/>\n\t<path class=\"elementor-shape-fill\" style=\"opacity:0.33\" d=\"M0 0L0 12.6 141.8 4 283.5 12.6 283.5 0z\"\/>\n\t<path class=\"elementor-shape-fill\" style=\"opacity:0.33\" d=\"M0 0L0 6.4 141.8 4 283.5 6.4 283.5 0z\"\/>\n\t<path class=\"elementor-shape-fill\" d=\"M0 0L0 1.2 141.8 4 283.5 1.2 283.5 0z\"\/>\n<\/svg>\t\t<\/div>\n\t\t\t\t\t<div class=\"elementor-container elementor-column-gap-default\">\n\t\t\t\t\t<div class=\"elementor-column elementor-col-100 elementor-top-column elementor-element elementor-element-75ba76f6\" data-id=\"75ba76f6\" data-element_type=\"column\">\n\t\t\t<div class=\"elementor-widget-wrap elementor-element-populated\">\n\t\t\t\t\t\t<section class=\"elementor-section elementor-inner-section elementor-element elementor-element-312f9f71 elementor-section-content-middle elementor-section-full_width elementor-section-height-default elementor-section-height-default\" data-id=\"312f9f71\" data-element_type=\"section\">\n\t\t\t\t\t\t<div class=\"elementor-container elementor-column-gap-default\">\n\t\t\t\t\t<div class=\"elementor-column elementor-col-100 elementor-inner-column elementor-element elementor-element-5c8d4cd1\" data-id=\"5c8d4cd1\" data-element_type=\"column\">\n\t\t\t<div class=\"elementor-widget-wrap elementor-element-populated\">\n\t\t\t\t\t\t<div class=\"elementor-element elementor-element-efc501b elementor-widget-tablet__width-initial elementor-widget elementor-widget-hub_fancy_heading\" data-id=\"efc501b\" data-element_type=\"widget\" data-widget_type=\"hub_fancy_heading.default\">\n\t\t\t\t<div class=\"elementor-widget-container\">\n\t\t\t\t\t\n\t\t<div id=\"ld-fancy-heading-69ef41884b82d\" class=\"ld-fancy-heading pos-rel\">\n\t\t\t<h1 class=\"ld-fh-element d-inline-block pos-rel  elementor-heading-title lqd-highlight-classic lqd-highlight-grow-left h1\"  > <span style=\"background-color: #116634;padding: 10px\">COMBIO E ODS<\/span><\/h1>\t\t<\/div>\n\n\t\t\t\t\t\t<\/div>\n\t\t\t\t<\/div>\n\t\t\t\t\t<\/div>\n\t\t<\/div>\n\t\t\t\t\t<\/div>\n\t\t<\/section>\n\t\t\t\t\t<\/div>\n\t\t<\/div>\n\t\t\t\t\t<\/div>\n\t\t<\/section>\n\t\t\t\t<section class=\"elementor-section elementor-top-section elementor-element elementor-element-e7bcf9e elementor-section-height-min-height elementor-hidden-desktop elementor-section-boxed elementor-section-height-default elementor-section-items-middle\" data-id=\"e7bcf9e\" data-element_type=\"section\" data-settings=\"{&quot;background_background&quot;:&quot;classic&quot;,&quot;shape_divider_bottom&quot;:&quot;opacity-fan&quot;}\">\n\t\t\t\t\t\t\t<div class=\"elementor-background-overlay\"><\/div>\n\t\t\t\t\t\t<div class=\"elementor-shape elementor-shape-bottom\" aria-hidden=\"true\" data-negative=\"false\">\n\t\t\t<svg xmlns=\"http:\/\/www.w3.org\/2000\/svg\" viewBox=\"0 0 283.5 19.6\" preserveAspectRatio=\"none\">\n\t<path class=\"elementor-shape-fill\" style=\"opacity:0.33\" d=\"M0 0L0 18.8 141.8 4.1 283.5 18.8 283.5 0z\"\/>\n\t<path class=\"elementor-shape-fill\" style=\"opacity:0.33\" d=\"M0 0L0 12.6 141.8 4 283.5 12.6 283.5 0z\"\/>\n\t<path class=\"elementor-shape-fill\" style=\"opacity:0.33\" d=\"M0 0L0 6.4 141.8 4 283.5 6.4 283.5 0z\"\/>\n\t<path class=\"elementor-shape-fill\" d=\"M0 0L0 1.2 141.8 4 283.5 1.2 283.5 0z\"\/>\n<\/svg>\t\t<\/div>\n\t\t\t\t\t<div class=\"elementor-container elementor-column-gap-default\">\n\t\t\t\t\t<div class=\"elementor-column elementor-col-100 elementor-top-column elementor-element elementor-element-2209b24\" data-id=\"2209b24\" data-element_type=\"column\">\n\t\t\t<div class=\"elementor-widget-wrap elementor-element-populated\">\n\t\t\t\t\t\t<section class=\"elementor-section elementor-inner-section elementor-element elementor-element-f1f8006 elementor-section-content-middle elementor-section-full_width elementor-section-height-default elementor-section-height-default\" data-id=\"f1f8006\" data-element_type=\"section\">\n\t\t\t\t\t\t<div class=\"elementor-container elementor-column-gap-default\">\n\t\t\t\t\t<div class=\"elementor-column elementor-col-100 elementor-inner-column elementor-element elementor-element-f017e64\" data-id=\"f017e64\" data-element_type=\"column\">\n\t\t\t<div class=\"elementor-widget-wrap elementor-element-populated\">\n\t\t\t\t\t\t<div class=\"elementor-element elementor-element-da2af7b elementor-widget-tablet__width-initial elementor-widget elementor-widget-hub_fancy_heading\" data-id=\"da2af7b\" data-element_type=\"widget\" data-widget_type=\"hub_fancy_heading.default\">\n\t\t\t\t<div class=\"elementor-widget-container\">\n\t\t\t\t\t\n\t\t<div id=\"ld-fancy-heading-69ef41884bf6b\" class=\"ld-fancy-heading pos-rel\">\n\t\t\t<h2 class=\"ld-fh-element d-inline-block pos-rel  elementor-heading-title lqd-highlight-classic lqd-highlight-grow-left h2\"  > <span style=\"background-color: #116634;padding: 10px\">COMBIO E ODS<\/span><\/h2>\t\t<\/div>\n\n\t\t\t\t\t\t<\/div>\n\t\t\t\t<\/div>\n\t\t\t\t\t<\/div>\n\t\t<\/div>\n\t\t\t\t\t<\/div>\n\t\t<\/section>\n\t\t\t\t\t<\/div>\n\t\t<\/div>\n\t\t\t\t\t<\/div>\n\t\t<\/section>\n\t\t\t\t<section class=\"elementor-section elementor-top-section elementor-element elementor-element-a758231 elementor-section-content-middle elementor-section-boxed elementor-section-height-default elementor-section-height-default\" data-id=\"a758231\" data-element_type=\"section\">\n\t\t\t\t\t\t<div class=\"elementor-container elementor-column-gap-default\">\n\t\t\t\t\t<div class=\"elementor-column elementor-col-50 elementor-top-column elementor-element elementor-element-17d76c4\" data-id=\"17d76c4\" data-element_type=\"column\">\n\t\t\t<div class=\"elementor-widget-wrap elementor-element-populated\">\n\t\t\t\t\t\t<div class=\"elementor-element elementor-element-7ef0d99 elementor-widget elementor-widget-hub_fancy_heading\" data-id=\"7ef0d99\" data-element_type=\"widget\" data-widget_type=\"hub_fancy_heading.default\">\n\t\t\t\t<div class=\"elementor-widget-container\">\n\t\t\t\t\t\n\t\t<div id=\"ld-fancy-heading-69ef41884cab3\" class=\"ld-fancy-heading pos-rel\">\n\t\t\t<p class=\"ld-fh-element d-inline-block pos-rel  lqd-highlight-classic lqd-highlight-grow-left p\"  > Signat\u00e1ria do Pacto Global desde 2014, a ComBio acredita que todas as empresas podem contribuir para os Objetivos de Desenvolvimento Sustent\u00e1vel, mas poucas possuem ODS embarcados no DNA da empresa. \u00c9 com satisfa\u00e7\u00e3o que podemos afirmar que quatro ODS s\u00e3o pilares do nosso modelo de neg\u00f3cio.<\/br><\/br>\n\n\nContribu\u00edmos com a inova\u00e7\u00e3o na ind\u00fastria (ODS 9) atrav\u00e9s de tecnologias aplicadas na caldeira e desenvolvimento de diferentes tipos de biomassa, e com a economia circular (ODS 12), ao utilizar subprodutos de atividades agroflorestais como mat\u00e9ria prima, e destinar as cinzas da queima para compostagem. Ao mesmo tempo, aumentamos de forma relevante a participa\u00e7\u00e3o de energia renov\u00e1vel na matriz energ\u00e9tica (ODS 7) e contribu\u00edmos para uma economia de baixo carbono ao sermos refer\u00eancia em redu\u00e7\u00e3o de emiss\u00f5es dos gases de efeito estufa (ODS 13).<\/p>\t\t<\/div>\n\n\t\t\t\t\t\t<\/div>\n\t\t\t\t<\/div>\n\t\t\t\t\t<\/div>\n\t\t<\/div>\n\t\t\t\t<div class=\"elementor-column elementor-col-50 elementor-top-column elementor-element elementor-element-8d41fd7\" data-id=\"8d41fd7\" data-element_type=\"column\">\n\t\t\t<div class=\"elementor-widget-wrap elementor-element-populated\">\n\t\t\t\t\t\t<div class=\"elementor-element elementor-element-e436fa3 elementor-align-left elementor-widget elementor-widget-ld_icon_box\" data-id=\"e436fa3\" data-element_type=\"widget\" data-widget_type=\"ld_icon_box.default\">\n\t\t\t\t<div class=\"elementor-widget-container\">\n\t\t\t\t\t\n\t\t\t<div id=\"ld_icon_box_e436fa3\" class=\"iconbox d-flex flex-grow-1 pos-rel iconbox-side\"   >\n\n\t\t\t\t\n\t\t\t\t<div class=\"iconbox-icon-wrap  \"><div class=\"iconbox-icon-container d-inline-flex   \"><img decoding=\"async\" src=\"https:\/\/manacamarketing.eu\/wp-content\/uploads\/2024\/06\/imagem.jpg\" class=\"lqd-image-icon\" alt=\"ODS 7\" \/><\/div><\/div>\n\t\t\t\t\n\t\t\t\t<div class=\"contents \">\n\t\t\t\t\n\t\t\t\t<h3 class=\"lqd-iconbox-heading \" >ODS 7 <\/h3>\t\t\t\t<p>Geramos aproximadamente 8 milh\u00f5es GJ de energia t\u00e9rmica renov\u00e1vel em 2023 e mais de 4 milh\u00f5es GJ no per\u00edodo de janeiro a maio de 2024.<\/p>\n\t\t\t\t\n\t\t\t\t<\/div>\n\t\t\t\t\n\t\t\t<\/div>\n\n\t\t\t\t\t\t<\/div>\n\t\t\t\t<\/div>\n\t\t\t\t<div class=\"elementor-element elementor-element-715c83d elementor-align-left elementor-widget elementor-widget-ld_icon_box\" data-id=\"715c83d\" data-element_type=\"widget\" data-widget_type=\"ld_icon_box.default\">\n\t\t\t\t<div class=\"elementor-widget-container\">\n\t\t\t\t\t\n\t\t\t<div id=\"ld_icon_box_715c83d\" class=\"iconbox d-flex flex-grow-1 pos-rel iconbox-side\"   >\n\n\t\t\t\t\n\t\t\t\t<div class=\"iconbox-icon-wrap  \"><div class=\"iconbox-icon-container d-inline-flex   \"><img decoding=\"async\" src=\"https:\/\/manacamarketing.eu\/wp-content\/uploads\/2024\/06\/ODS9-1.jpg\" class=\"lqd-image-icon\" alt=\"ODS 9\" \/><\/div><\/div>\n\t\t\t\t\n\t\t\t\t<div class=\"contents \">\n\t\t\t\t\n\t\t\t\t<h3 class=\"lqd-iconbox-heading \" >ODS 9 <\/h3>\t\t\t\t<p>Investimos nos \u00faltimos anos, + R$ 10 milh\u00f5es na \u00e1rea de Pesquisa e Desenvolvimento.<\/p>\n\t\t\t\t\n\t\t\t\t<\/div>\n\t\t\t\t\n\t\t\t<\/div>\n\n\t\t\t\t\t\t<\/div>\n\t\t\t\t<\/div>\n\t\t\t\t<div class=\"elementor-element elementor-element-72484e4 elementor-align-left elementor-widget elementor-widget-ld_icon_box\" data-id=\"72484e4\" data-element_type=\"widget\" data-widget_type=\"ld_icon_box.default\">\n\t\t\t\t<div class=\"elementor-widget-container\">\n\t\t\t\t\t\n\t\t\t<div id=\"ld_icon_box_72484e4\" class=\"iconbox d-flex flex-grow-1 pos-rel iconbox-side\"   >\n\n\t\t\t\t\n\t\t\t\t<div class=\"iconbox-icon-wrap  \"><div class=\"iconbox-icon-container d-inline-flex   \"><img decoding=\"async\" src=\"https:\/\/manacamarketing.eu\/wp-content\/uploads\/2024\/06\/ODS12-1.jpg\" class=\"lqd-image-icon\" alt=\"ODS 12\" \/><\/div><\/div>\n\t\t\t\t\n\t\t\t\t<div class=\"contents \">\n\t\t\t\t\n\t\t\t\t<h3 class=\"lqd-iconbox-heading \" >ODS 12 <\/h3>\t\t\t\t<p>Em 2023, mais de 550 mil toneladas da biomassa consumida (65%) s\u00e3o provenientes de res\u00edduos e subprodutos de diversas atividades e cerca de 90% das cinzas s\u00e3o desviadas de aterros e destinadas para a produ\u00e7\u00e3o de adubo e carv\u00e3o vegetal.<\/p>\n\t\t\t\t\n\t\t\t\t<\/div>\n\t\t\t\t\n\t\t\t<\/div>\n\n\t\t\t\t\t\t<\/div>\n\t\t\t\t<\/div>\n\t\t\t\t<div class=\"elementor-element elementor-element-277c635 elementor-align-left elementor-widget elementor-widget-ld_icon_box\" data-id=\"277c635\" data-element_type=\"widget\" data-widget_type=\"ld_icon_box.default\">\n\t\t\t\t<div class=\"elementor-widget-container\">\n\t\t\t\t\t\n\t\t\t<div id=\"ld_icon_box_277c635\" class=\"iconbox d-flex flex-grow-1 pos-rel iconbox-side\"   >\n\n\t\t\t\t\n\t\t\t\t<div class=\"iconbox-icon-wrap  \"><div class=\"iconbox-icon-container d-inline-flex   \"><img decoding=\"async\" src=\"https:\/\/manacamarketing.eu\/wp-content\/uploads\/2024\/06\/ODS13-1.jpg\" class=\"lqd-image-icon\" alt=\"ODS 13\" \/><\/div><\/div>\n\t\t\t\t\n\t\t\t\t<div class=\"contents \">\n\t\t\t\t\n\t\t\t\t<h3 class=\"lqd-iconbox-heading \" >ODS 13 <\/h3>\t\t\t\t<p>Desde a nossa funda\u00e7\u00e3o, evitamos a emiss\u00e3o de 3.031.530 toneladas de CO2e na atmosfera.<\/p>\n\t\t\t\t\n\t\t\t\t<\/div>\n\t\t\t\t\n\t\t\t<\/div>\n\n\t\t\t\t\t\t<\/div>\n\t\t\t\t<\/div>\n\t\t\t\t\t<\/div>\n\t\t<\/div>\n\t\t\t\t\t<\/div>\n\t\t<\/section>\n\t\t\t\t<\/div>\n\t\t","protected":false},"excerpt":{"rendered":"<p>COMBIO E ODS COMBIO E ODS Signat\u00e1ria do Pacto Global desde 2014, a ComBio acredita que todas as empresas podem contribuir para os Objetivos de Desenvolvimento Sustent\u00e1vel, mas poucas possuem ODS embarcados no DNA da empresa. \u00c9 com satisfa\u00e7\u00e3o que podemos afirmar que quatro ODS s\u00e3o pilares do nosso modelo de neg\u00f3cio. Contribu\u00edmos com a [&hellip;]<\/p>\n","protected":false},"author":3,"featured_media":0,"parent":0,"menu_order":0,"comment_status":"closed","ping_status":"closed","template":"","meta":{"content-type":"","footnotes":""},"class_list":["post-9404","page","type-page","status-publish","hentry"],"yoast_head":"<!-- This site is optimized with the Yoast SEO plugin v26.8 - https:\/\/yoast.com\/product\/yoast-seo-wordpress\/ -->\n<title>ComBio e ODS - ComBio<\/title>\n<meta name=\"robots\" content=\"index, follow, max-snippet:-1, max-image-preview:large, max-video-preview:-1\" \/>\n<link rel=\"canonical\" href=\"https:\/\/combio.com.br\/pt_br\/biomassa\/\" \/>\n<meta property=\"og:locale\" content=\"pt_BR\" \/>\n<meta property=\"og:type\" content=\"article\" \/>\n<meta property=\"og:title\" content=\"ComBio e ODS - ComBio\" \/>\n<meta property=\"og:description\" content=\"COMBIO E ODS COMBIO E ODS Signat\u00e1ria do Pacto Global desde 2014, a ComBio acredita que todas as empresas podem contribuir para os Objetivos de Desenvolvimento Sustent\u00e1vel, mas poucas possuem ODS embarcados no DNA da empresa. \u00c9 com satisfa\u00e7\u00e3o que podemos afirmar que quatro ODS s\u00e3o pilares do nosso modelo de neg\u00f3cio. Contribu\u00edmos com a [&hellip;]\" \/>\n<meta property=\"og:url\" content=\"https:\/\/combio.com.br\/pt_br\/biomassa\/\" \/>\n<meta property=\"og:site_name\" content=\"ComBio\" \/>\n<meta property=\"article:modified_time\" content=\"2024-07-07T03:34:25+00:00\" \/>\n<meta property=\"og:image\" content=\"https:\/\/manacamarketing.eu\/wp-content\/uploads\/2024\/06\/imagem.jpg\" \/>\n<meta name=\"twitter:card\" content=\"summary_large_image\" \/>\n<meta name=\"twitter:label1\" content=\"Est. tempo de leitura\" \/>\n\t<meta name=\"twitter:data1\" content=\"1 minuto\" \/>\n<script type=\"application\/ld+json\" class=\"yoast-schema-graph\">{\"@context\":\"https:\/\/schema.org\",\"@graph\":[{\"@type\":\"WebPage\",\"@id\":\"https:\/\/combio.com.br\/biomassa\/\",\"url\":\"https:\/\/combio.com.br\/biomassa\/\",\"name\":\"ComBio e ODS - ComBio\",\"isPartOf\":{\"@id\":\"https:\/\/combio.com.br\/pt_br\/#website\"},\"primaryImageOfPage\":{\"@id\":\"https:\/\/combio.com.br\/biomassa\/#primaryimage\"},\"image\":{\"@id\":\"https:\/\/combio.com.br\/biomassa\/#primaryimage\"},\"thumbnailUrl\":\"https:\/\/manacamarketing.eu\/wp-content\/uploads\/2024\/06\/imagem.jpg\",\"datePublished\":\"2024-06-30T02:27:04+00:00\",\"dateModified\":\"2024-07-07T03:34:25+00:00\",\"breadcrumb\":{\"@id\":\"https:\/\/combio.com.br\/biomassa\/#breadcrumb\"},\"inLanguage\":\"pt-BR\",\"potentialAction\":[{\"@type\":\"ReadAction\",\"target\":[\"https:\/\/combio.com.br\/biomassa\/\"]}]},{\"@type\":\"ImageObject\",\"inLanguage\":\"pt-BR\",\"@id\":\"https:\/\/combio.com.br\/biomassa\/#primaryimage\",\"url\":\"https:\/\/manacamarketing.eu\/wp-content\/uploads\/2024\/06\/imagem.jpg\",\"contentUrl\":\"https:\/\/manacamarketing.eu\/wp-content\/uploads\/2024\/06\/imagem.jpg\"},{\"@type\":\"BreadcrumbList\",\"@id\":\"https:\/\/combio.com.br\/biomassa\/#breadcrumb\",\"itemListElement\":[{\"@type\":\"ListItem\",\"position\":1,\"name\":\"In\u00edcio\",\"item\":\"https:\/\/combio.com.br\/\"},{\"@type\":\"ListItem\",\"position\":2,\"name\":\"ComBio e ODS\"}]},{\"@type\":\"WebSite\",\"@id\":\"https:\/\/combio.com.br\/pt_br\/#website\",\"url\":\"https:\/\/combio.com.br\/pt_br\/\",\"name\":\"ComBio\",\"description\":\"\",\"publisher\":{\"@id\":\"https:\/\/combio.com.br\/pt_br\/#organization\"},\"potentialAction\":[{\"@type\":\"SearchAction\",\"target\":{\"@type\":\"EntryPoint\",\"urlTemplate\":\"https:\/\/combio.com.br\/pt_br\/?s={search_term_string}\"},\"query-input\":{\"@type\":\"PropertyValueSpecification\",\"valueRequired\":true,\"valueName\":\"search_term_string\"}}],\"inLanguage\":\"pt-BR\"},{\"@type\":\"Organization\",\"@id\":\"https:\/\/combio.com.br\/pt_br\/#organization\",\"name\":\"ComBio\",\"url\":\"https:\/\/combio.com.br\/pt_br\/\",\"logo\":{\"@type\":\"ImageObject\",\"inLanguage\":\"pt-BR\",\"@id\":\"https:\/\/combio.com.br\/pt_br\/#\/schema\/logo\/image\/\",\"url\":\"https:\/\/combio.com.br\/wp-content\/uploads\/2021\/11\/Combio.png\",\"contentUrl\":\"https:\/\/combio.com.br\/wp-content\/uploads\/2021\/11\/Combio.png\",\"width\":301,\"height\":66,\"caption\":\"ComBio\"},\"image\":{\"@id\":\"https:\/\/combio.com.br\/pt_br\/#\/schema\/logo\/image\/\"}}]}<\/script>\n<!-- \/ Yoast SEO plugin. -->","yoast_head_json":{"title":"ComBio e ODS - ComBio","robots":{"index":"index","follow":"follow","max-snippet":"max-snippet:-1","max-image-preview":"max-image-preview:large","max-video-preview":"max-video-preview:-1"},"canonical":"https:\/\/combio.com.br\/pt_br\/biomassa\/","og_locale":"pt_BR","og_type":"article","og_title":"ComBio e ODS - ComBio","og_description":"COMBIO E ODS COMBIO E ODS Signat\u00e1ria do Pacto Global desde 2014, a ComBio acredita que todas as empresas podem contribuir para os Objetivos de Desenvolvimento Sustent\u00e1vel, mas poucas possuem ODS embarcados no DNA da empresa. \u00c9 com satisfa\u00e7\u00e3o que podemos afirmar que quatro ODS s\u00e3o pilares do nosso modelo de neg\u00f3cio. Contribu\u00edmos com a [&hellip;]","og_url":"https:\/\/combio.com.br\/pt_br\/biomassa\/","og_site_name":"ComBio","article_modified_time":"2024-07-07T03:34:25+00:00","og_image":[{"url":"https:\/\/manacamarketing.eu\/wp-content\/uploads\/2024\/06\/imagem.jpg","type":"","width":"","height":""}],"twitter_card":"summary_large_image","twitter_misc":{"Est. tempo de leitura":"1 minuto"},"schema":{"@context":"https:\/\/schema.org","@graph":[{"@type":"WebPage","@id":"https:\/\/combio.com.br\/biomassa\/","url":"https:\/\/combio.com.br\/biomassa\/","name":"ComBio e ODS - ComBio","isPartOf":{"@id":"https:\/\/combio.com.br\/pt_br\/#website"},"primaryImageOfPage":{"@id":"https:\/\/combio.com.br\/biomassa\/#primaryimage"},"image":{"@id":"https:\/\/combio.com.br\/biomassa\/#primaryimage"},"thumbnailUrl":"https:\/\/manacamarketing.eu\/wp-content\/uploads\/2024\/06\/imagem.jpg","datePublished":"2024-06-30T02:27:04+00:00","dateModified":"2024-07-07T03:34:25+00:00","breadcrumb":{"@id":"https:\/\/combio.com.br\/biomassa\/#breadcrumb"},"inLanguage":"pt-BR","potentialAction":[{"@type":"ReadAction","target":["https:\/\/combio.com.br\/biomassa\/"]}]},{"@type":"ImageObject","inLanguage":"pt-BR","@id":"https:\/\/combio.com.br\/biomassa\/#primaryimage","url":"https:\/\/manacamarketing.eu\/wp-content\/uploads\/2024\/06\/imagem.jpg","contentUrl":"https:\/\/manacamarketing.eu\/wp-content\/uploads\/2024\/06\/imagem.jpg"},{"@type":"BreadcrumbList","@id":"https:\/\/combio.com.br\/biomassa\/#breadcrumb","itemListElement":[{"@type":"ListItem","position":1,"name":"In\u00edcio","item":"https:\/\/combio.com.br\/"},{"@type":"ListItem","position":2,"name":"ComBio e ODS"}]},{"@type":"WebSite","@id":"https:\/\/combio.com.br\/pt_br\/#website","url":"https:\/\/combio.com.br\/pt_br\/","name":"ComBio","description":"","publisher":{"@id":"https:\/\/combio.com.br\/pt_br\/#organization"},"potentialAction":[{"@type":"SearchAction","target":{"@type":"EntryPoint","urlTemplate":"https:\/\/combio.com.br\/pt_br\/?s={search_term_string}"},"query-input":{"@type":"PropertyValueSpecification","valueRequired":true,"valueName":"search_term_string"}}],"inLanguage":"pt-BR"},{"@type":"Organization","@id":"https:\/\/combio.com.br\/pt_br\/#organization","name":"ComBio","url":"https:\/\/combio.com.br\/pt_br\/","logo":{"@type":"ImageObject","inLanguage":"pt-BR","@id":"https:\/\/combio.com.br\/pt_br\/#\/schema\/logo\/image\/","url":"https:\/\/combio.com.br\/wp-content\/uploads\/2021\/11\/Combio.png","contentUrl":"https:\/\/combio.com.br\/wp-content\/uploads\/2021\/11\/Combio.png","width":301,"height":66,"caption":"ComBio"},"image":{"@id":"https:\/\/combio.com.br\/pt_br\/#\/schema\/logo\/image\/"}}]}},"_links":{"self":[{"href":"https:\/\/combio.com.br\/pt_br\/wp-json\/wp\/v2\/pages\/9404","targetHints":{"allow":["GET"]}}],"collection":[{"href":"https:\/\/combio.com.br\/pt_br\/wp-json\/wp\/v2\/pages"}],"about":[{"href":"https:\/\/combio.com.br\/pt_br\/wp-json\/wp\/v2\/types\/page"}],"author":[{"embeddable":true,"href":"https:\/\/combio.com.br\/pt_br\/wp-json\/wp\/v2\/users\/3"}],"replies":[{"embeddable":true,"href":"https:\/\/combio.com.br\/pt_br\/wp-json\/wp\/v2\/comments?post=9404"}],"version-history":[{"count":26,"href":"https:\/\/combio.com.br\/pt_br\/wp-json\/wp\/v2\/pages\/9404\/revisions"}],"predecessor-version":[{"id":9878,"href":"https:\/\/combio.com.br\/pt_br\/wp-json\/wp\/v2\/pages\/9404\/revisions\/9878"}],"wp:attachment":[{"href":"https:\/\/combio.com.br\/pt_br\/wp-json\/wp\/v2\/media?parent=9404"}],"curies":[{"name":"wp","href":"https:\/\/api.w.org\/{rel}","templated":true}]}}