{"id":10543,"date":"2024-12-05T22:53:27","date_gmt":"2024-12-06T01:53:27","guid":{"rendered":"https:\/\/combio.com.br\/?page_id=10543"},"modified":"2024-12-12T23:51:39","modified_gmt":"2024-12-13T02:51:39","slug":"acesso-manual-de-governanca-corporativa","status":"publish","type":"page","link":"https:\/\/combio.com.br\/pt_br\/acesso-manual-de-governanca-corporativa\/","title":{"rendered":"Acesso Manual de Governan\u00e7a Corporativa"},"content":{"rendered":"\t\t<div data-elementor-type=\"wp-page\" data-elementor-id=\"10543\" class=\"elementor elementor-10543\" data-elementor-post-type=\"page\">\n\t\t\t\t<div class=\"elementor-element elementor-element-9360a4d e-con-full e-flex e-con e-parent\" data-id=\"9360a4d\" data-element_type=\"container\">\n\t\t\t\t<div class=\"elementor-element elementor-element-27d9a74 elementor-widget elementor-widget-image\" data-id=\"27d9a74\" data-element_type=\"widget\" data-widget_type=\"image.default\">\n\t\t\t\t<div class=\"elementor-widget-container\">\n\t\t\t\t\t\t\t\t\t\t\t\t\t\t\t<img decoding=\"async\" width=\"301\" height=\"66\" src=\"https:\/\/combio.com.br\/wp-content\/uploads\/2021\/11\/Combio.png\" class=\"attachment-full size-full wp-image-8191\" alt=\"\" srcset=\"https:\/\/combio.com.br\/wp-content\/uploads\/2021\/11\/Combio.png 301w, https:\/\/combio.com.br\/wp-content\/uploads\/2021\/11\/Combio-18x4.png 18w\" sizes=\"(max-width: 301px) 100vw, 301px\" \/>\t\t\t\t\t\t\t\t\t\t\t\t\t\t\t<\/div>\n\t\t\t\t<\/div>\n\t\t\t\t<div class=\"elementor-element elementor-element-5b81c69 elementor-widget__width-initial elementor-widget elementor-widget-hub_fancy_heading\" data-id=\"5b81c69\" data-element_type=\"widget\" data-widget_type=\"hub_fancy_heading.default\">\n\t\t\t\t<div class=\"elementor-widget-container\">\n\t\t\t\t\t\n\t\t<div id=\"ld-fancy-heading-69e18c10db391\" class=\"ld-fancy-heading pos-rel\">\n\t\t\t<h2 class=\"ld-fh-element d-inline-block pos-rel  elementor-heading-title lqd-highlight-classic lqd-highlight-grow-left h2\"  > BEM-VINDO AO MANUAL DE GOVERNAN\u00c7A DA COMBIO<\/h2>\t\t<\/div>\n\n\t\t\t\t\t\t<\/div>\n\t\t\t\t<\/div>\n\t\t\t\t<div class=\"elementor-element elementor-element-376e51e elementor-widget__width-initial elementor-widget elementor-widget-hub_fancy_heading\" data-id=\"376e51e\" data-element_type=\"widget\" data-widget_type=\"hub_fancy_heading.default\">\n\t\t\t\t<div class=\"elementor-widget-container\">\n\t\t\t\t\t\n\t\t<div id=\"ld-fancy-heading-69e18c10db8e9\" class=\"ld-fancy-heading pos-rel\">\n\t\t\t<p class=\"ld-fh-element d-inline-block pos-rel  lqd-highlight-classic lqd-highlight-grow-left p\"  > Preencha o login e a senha no campo abaixo para acessar o conte\u00fado<\/p>\t\t<\/div>\n\n\t\t\t\t\t\t<\/div>\n\t\t\t\t<\/div>\n\t\t\t\t<div class=\"elementor-element elementor-element-51a94a6 elementor-widget__width-initial elementor-widget elementor-widget-shortcode\" data-id=\"51a94a6\" data-element_type=\"widget\" data-widget_type=\"shortcode.default\">\n\t\t\t\t<div class=\"elementor-widget-container\">\n\t\t\t\t\t\t\t<div class=\"elementor-shortcode\">[ultimatemember form_id=\"10661\"]<\/div>\n\t\t\t\t\t\t<\/div>\n\t\t\t\t<\/div>\n\t\t\t\t<\/div>\n\t\t\t\t<\/div>\n\t\t","protected":false},"excerpt":{"rendered":"<p>BEM-VINDO AO MANUAL DE GOVERNAN\u00c7A DA COMBIO Preencha o login e a senha no campo abaixo para acessar o conte\u00fado [ultimatemember form_id=&#8221;10661&#8243;]<\/p>\n","protected":false},"author":3,"featured_media":0,"parent":0,"menu_order":0,"comment_status":"closed","ping_status":"closed","template":"elementor_canvas","meta":{"content-type":"","footnotes":""},"class_list":["post-10543","page","type-page","status-publish","hentry"],"yoast_head":"<!-- This site is optimized with the Yoast SEO plugin v26.8 - https:\/\/yoast.com\/product\/yoast-seo-wordpress\/ -->\n<title>Acesso Manual de Governan\u00e7a Corporativa - ComBio<\/title>\n<meta name=\"robots\" content=\"index, follow, max-snippet:-1, max-image-preview:large, max-video-preview:-1\" \/>\n<link rel=\"canonical\" href=\"https:\/\/combio.com.br\/pt_br\/acesso-manual-de-governanca-corporativa\/\" \/>\n<meta property=\"og:locale\" content=\"pt_BR\" \/>\n<meta property=\"og:type\" content=\"article\" \/>\n<meta property=\"og:title\" content=\"Acesso Manual de Governan\u00e7a Corporativa - ComBio\" \/>\n<meta property=\"og:description\" content=\"BEM-VINDO AO MANUAL DE GOVERNAN\u00c7A DA COMBIO Preencha o login e a senha no campo abaixo para acessar o conte\u00fado [ultimatemember form_id=&#8221;10661&#8243;]\" \/>\n<meta property=\"og:url\" content=\"https:\/\/combio.com.br\/pt_br\/acesso-manual-de-governanca-corporativa\/\" \/>\n<meta property=\"og:site_name\" content=\"ComBio\" \/>\n<meta property=\"article:modified_time\" content=\"2024-12-13T02:51:39+00:00\" \/>\n<meta property=\"og:image\" content=\"https:\/\/combio.com.br\/wp-content\/uploads\/2021\/11\/Combio.png\" \/>\n\t<meta property=\"og:image:width\" content=\"301\" \/>\n\t<meta property=\"og:image:height\" content=\"66\" \/>\n\t<meta property=\"og:image:type\" content=\"image\/png\" \/>\n<meta name=\"twitter:card\" content=\"summary_large_image\" \/>\n<script type=\"application\/ld+json\" class=\"yoast-schema-graph\">{\"@context\":\"https:\/\/schema.org\",\"@graph\":[{\"@type\":\"WebPage\",\"@id\":\"https:\/\/combio.com.br\/acesso-manual-de-governanca-corporativa\/\",\"url\":\"https:\/\/combio.com.br\/acesso-manual-de-governanca-corporativa\/\",\"name\":\"Acesso Manual de Governan\u00e7a Corporativa - ComBio\",\"isPartOf\":{\"@id\":\"https:\/\/combio.com.br\/pt_br\/#website\"},\"primaryImageOfPage\":{\"@id\":\"https:\/\/combio.com.br\/acesso-manual-de-governanca-corporativa\/#primaryimage\"},\"image\":{\"@id\":\"https:\/\/combio.com.br\/acesso-manual-de-governanca-corporativa\/#primaryimage\"},\"thumbnailUrl\":\"https:\/\/combio.com.br\/wp-content\/uploads\/2021\/11\/Combio.png\",\"datePublished\":\"2024-12-06T01:53:27+00:00\",\"dateModified\":\"2024-12-13T02:51:39+00:00\",\"breadcrumb\":{\"@id\":\"https:\/\/combio.com.br\/acesso-manual-de-governanca-corporativa\/#breadcrumb\"},\"inLanguage\":\"pt-BR\",\"potentialAction\":[{\"@type\":\"ReadAction\",\"target\":[\"https:\/\/combio.com.br\/acesso-manual-de-governanca-corporativa\/\"]}]},{\"@type\":\"ImageObject\",\"inLanguage\":\"pt-BR\",\"@id\":\"https:\/\/combio.com.br\/acesso-manual-de-governanca-corporativa\/#primaryimage\",\"url\":\"https:\/\/combio.com.br\/wp-content\/uploads\/2021\/11\/Combio.png\",\"contentUrl\":\"https:\/\/combio.com.br\/wp-content\/uploads\/2021\/11\/Combio.png\"},{\"@type\":\"BreadcrumbList\",\"@id\":\"https:\/\/combio.com.br\/acesso-manual-de-governanca-corporativa\/#breadcrumb\",\"itemListElement\":[{\"@type\":\"ListItem\",\"position\":1,\"name\":\"In\u00edcio\",\"item\":\"https:\/\/combio.com.br\/\"},{\"@type\":\"ListItem\",\"position\":2,\"name\":\"Acesso Manual de Governan\u00e7a Corporativa\"}]},{\"@type\":\"WebSite\",\"@id\":\"https:\/\/combio.com.br\/pt_br\/#website\",\"url\":\"https:\/\/combio.com.br\/pt_br\/\",\"name\":\"ComBio\",\"description\":\"\",\"publisher\":{\"@id\":\"https:\/\/combio.com.br\/pt_br\/#organization\"},\"potentialAction\":[{\"@type\":\"SearchAction\",\"target\":{\"@type\":\"EntryPoint\",\"urlTemplate\":\"https:\/\/combio.com.br\/pt_br\/?s={search_term_string}\"},\"query-input\":{\"@type\":\"PropertyValueSpecification\",\"valueRequired\":true,\"valueName\":\"search_term_string\"}}],\"inLanguage\":\"pt-BR\"},{\"@type\":\"Organization\",\"@id\":\"https:\/\/combio.com.br\/pt_br\/#organization\",\"name\":\"ComBio\",\"url\":\"https:\/\/combio.com.br\/pt_br\/\",\"logo\":{\"@type\":\"ImageObject\",\"inLanguage\":\"pt-BR\",\"@id\":\"https:\/\/combio.com.br\/pt_br\/#\/schema\/logo\/image\/\",\"url\":\"https:\/\/combio.com.br\/wp-content\/uploads\/2021\/11\/Combio.png\",\"contentUrl\":\"https:\/\/combio.com.br\/wp-content\/uploads\/2021\/11\/Combio.png\",\"width\":301,\"height\":66,\"caption\":\"ComBio\"},\"image\":{\"@id\":\"https:\/\/combio.com.br\/pt_br\/#\/schema\/logo\/image\/\"}}]}<\/script>\n<!-- \/ Yoast SEO plugin. -->","yoast_head_json":{"title":"Acesso Manual de Governan\u00e7a Corporativa - ComBio","robots":{"index":"index","follow":"follow","max-snippet":"max-snippet:-1","max-image-preview":"max-image-preview:large","max-video-preview":"max-video-preview:-1"},"canonical":"https:\/\/combio.com.br\/pt_br\/acesso-manual-de-governanca-corporativa\/","og_locale":"pt_BR","og_type":"article","og_title":"Acesso Manual de Governan\u00e7a Corporativa - ComBio","og_description":"BEM-VINDO AO MANUAL DE GOVERNAN\u00c7A DA COMBIO Preencha o login e a senha no campo abaixo para acessar o conte\u00fado [ultimatemember form_id=&#8221;10661&#8243;]","og_url":"https:\/\/combio.com.br\/pt_br\/acesso-manual-de-governanca-corporativa\/","og_site_name":"ComBio","article_modified_time":"2024-12-13T02:51:39+00:00","og_image":[{"width":301,"height":66,"url":"https:\/\/combio.com.br\/wp-content\/uploads\/2021\/11\/Combio.png","type":"image\/png"}],"twitter_card":"summary_large_image","schema":{"@context":"https:\/\/schema.org","@graph":[{"@type":"WebPage","@id":"https:\/\/combio.com.br\/acesso-manual-de-governanca-corporativa\/","url":"https:\/\/combio.com.br\/acesso-manual-de-governanca-corporativa\/","name":"Acesso Manual de Governan\u00e7a Corporativa - ComBio","isPartOf":{"@id":"https:\/\/combio.com.br\/pt_br\/#website"},"primaryImageOfPage":{"@id":"https:\/\/combio.com.br\/acesso-manual-de-governanca-corporativa\/#primaryimage"},"image":{"@id":"https:\/\/combio.com.br\/acesso-manual-de-governanca-corporativa\/#primaryimage"},"thumbnailUrl":"https:\/\/combio.com.br\/wp-content\/uploads\/2021\/11\/Combio.png","datePublished":"2024-12-06T01:53:27+00:00","dateModified":"2024-12-13T02:51:39+00:00","breadcrumb":{"@id":"https:\/\/combio.com.br\/acesso-manual-de-governanca-corporativa\/#breadcrumb"},"inLanguage":"pt-BR","potentialAction":[{"@type":"ReadAction","target":["https:\/\/combio.com.br\/acesso-manual-de-governanca-corporativa\/"]}]},{"@type":"ImageObject","inLanguage":"pt-BR","@id":"https:\/\/combio.com.br\/acesso-manual-de-governanca-corporativa\/#primaryimage","url":"https:\/\/combio.com.br\/wp-content\/uploads\/2021\/11\/Combio.png","contentUrl":"https:\/\/combio.com.br\/wp-content\/uploads\/2021\/11\/Combio.png"},{"@type":"BreadcrumbList","@id":"https:\/\/combio.com.br\/acesso-manual-de-governanca-corporativa\/#breadcrumb","itemListElement":[{"@type":"ListItem","position":1,"name":"In\u00edcio","item":"https:\/\/combio.com.br\/"},{"@type":"ListItem","position":2,"name":"Acesso Manual de Governan\u00e7a Corporativa"}]},{"@type":"WebSite","@id":"https:\/\/combio.com.br\/pt_br\/#website","url":"https:\/\/combio.com.br\/pt_br\/","name":"ComBio","description":"","publisher":{"@id":"https:\/\/combio.com.br\/pt_br\/#organization"},"potentialAction":[{"@type":"SearchAction","target":{"@type":"EntryPoint","urlTemplate":"https:\/\/combio.com.br\/pt_br\/?s={search_term_string}"},"query-input":{"@type":"PropertyValueSpecification","valueRequired":true,"valueName":"search_term_string"}}],"inLanguage":"pt-BR"},{"@type":"Organization","@id":"https:\/\/combio.com.br\/pt_br\/#organization","name":"ComBio","url":"https:\/\/combio.com.br\/pt_br\/","logo":{"@type":"ImageObject","inLanguage":"pt-BR","@id":"https:\/\/combio.com.br\/pt_br\/#\/schema\/logo\/image\/","url":"https:\/\/combio.com.br\/wp-content\/uploads\/2021\/11\/Combio.png","contentUrl":"https:\/\/combio.com.br\/wp-content\/uploads\/2021\/11\/Combio.png","width":301,"height":66,"caption":"ComBio"},"image":{"@id":"https:\/\/combio.com.br\/pt_br\/#\/schema\/logo\/image\/"}}]}},"_links":{"self":[{"href":"https:\/\/combio.com.br\/pt_br\/wp-json\/wp\/v2\/pages\/10543","targetHints":{"allow":["GET"]}}],"collection":[{"href":"https:\/\/combio.com.br\/pt_br\/wp-json\/wp\/v2\/pages"}],"about":[{"href":"https:\/\/combio.com.br\/pt_br\/wp-json\/wp\/v2\/types\/page"}],"author":[{"embeddable":true,"href":"https:\/\/combio.com.br\/pt_br\/wp-json\/wp\/v2\/users\/3"}],"replies":[{"embeddable":true,"href":"https:\/\/combio.com.br\/pt_br\/wp-json\/wp\/v2\/comments?post=10543"}],"version-history":[{"count":23,"href":"https:\/\/combio.com.br\/pt_br\/wp-json\/wp\/v2\/pages\/10543\/revisions"}],"predecessor-version":[{"id":10677,"href":"https:\/\/combio.com.br\/pt_br\/wp-json\/wp\/v2\/pages\/10543\/revisions\/10677"}],"wp:attachment":[{"href":"https:\/\/combio.com.br\/pt_br\/wp-json\/wp\/v2\/media?parent=10543"}],"curies":[{"name":"wp","href":"https:\/\/api.w.org\/{rel}","templated":true}]}}