{"id":10205,"date":"2024-10-06T18:20:32","date_gmt":"2024-10-06T21:20:32","guid":{"rendered":"https:\/\/combio.com.br\/?page_id=10205"},"modified":"2024-10-09T15:34:06","modified_gmt":"2024-10-09T18:34:06","slug":"teste-governanca","status":"publish","type":"page","link":"https:\/\/combio.com.br\/pt_br\/teste-governanca\/","title":{"rendered":"Teste Governan\u00e7a"},"content":{"rendered":"\t\t<div data-elementor-type=\"wp-page\" data-elementor-id=\"10205\" class=\"elementor elementor-10205\" data-elementor-post-type=\"page\">\n\t\t\t\t\t\t<section class=\"elementor-section elementor-top-section elementor-element elementor-element-17123e30 elementor-section-boxed elementor-section-height-default elementor-section-height-default\" data-id=\"17123e30\" data-element_type=\"section\">\n\t\t\t\t\t\t<div class=\"elementor-container elementor-column-gap-default\">\n\t\t\t\t\t<div class=\"lqd-css-sticky-column elementor-column elementor-col-100 elementor-top-column elementor-element elementor-element-527e5d65\" style=\"--lqd-sticky-offset:30px\" data-id=\"527e5d65\" data-element_type=\"column\" data-settings=\"{&quot;background_background&quot;:&quot;classic&quot;}\">\n\t\t\t<div class=\"elementor-widget-wrap elementor-element-populated\">\n\t\t\t\t\t\t<div class=\"elementor-element elementor-element-8f671ec elementor-widget elementor-widget-heading\" data-id=\"8f671ec\" data-element_type=\"widget\" data-widget_type=\"heading.default\">\n\t\t\t\t<div class=\"elementor-widget-container\">\n\t\t\t\t\t<h2 class=\"elementor-heading-title elementor-size-default\">MODELO 01<\/h2>\t\t\t\t<\/div>\n\t\t\t\t<\/div>\n\t\t\t\t\t<\/div>\n\t\t<\/div>\n\t\t\t\t\t<\/div>\n\t\t<\/section>\n\t\t\t\t<section class=\"elementor-section elementor-top-section elementor-element elementor-element-9781de9 elementor-section-boxed elementor-section-height-default elementor-section-height-default\" data-id=\"9781de9\" data-element_type=\"section\">\n\t\t\t\t\t\t<div class=\"elementor-container elementor-column-gap-default\">\n\t\t\t\t\t<div class=\"lqd-css-sticky-column elementor-column elementor-col-50 elementor-top-column elementor-element elementor-element-aef195c\" style=\"--lqd-sticky-offset:30px\" data-id=\"aef195c\" data-element_type=\"column\" data-settings=\"{&quot;background_background&quot;:&quot;classic&quot;}\">\n\t\t\t<div class=\"elementor-widget-wrap elementor-element-populated\">\n\t\t\t\t\t\t<div class=\"elementor-element elementor-element-b8fafb0 elementor-widget elementor-widget-ld_custom_menu\" data-id=\"b8fafb0\" data-element_type=\"widget\" data-widget_type=\"ld_custom_menu.default\">\n\t\t\t\t<div class=\"elementor-widget-container\">\n\t\t\t\t\t\n\t\t\t<div\t\t\t\tclass=\"lqd-fancy-menu lqd-custom-menu pos-rel menu-items-has-fill lqd-menu-td-none lqd-custom-menu-expand-items\"\n\t\t\t\t\t\t\t>\n\t\t\t\n\t\t\t\t\t\t\t<ul class=\"reset-ul\" id=\"lqd-custom-menu-b8fafb0\"  data-localscroll=\"true\" data-localscroll-options=\"{&quot;itemsSelector&quot;:&quot;&gt; li &gt; a&quot;,&quot;trackWindowScroll&quot;:true,&quot;includeParentAsOffset&quot;:false,&quot;offsetElements&quot;:&quot;[data-sticky-header] .lqd-head-sec-wrap:not(.lqd-hide-onstuck), #wpadminbar, body.elementor-page .main-header[data-sticky-header] &gt; .elementor &gt; .elementor-section-wrap &gt; .elementor-section:not(.lqd-hide-onstuck):not(.lqd-stickybar-wrap), body.elementor-page .main-header[data-sticky-header] &gt; .elementor &gt; .elementor-section:not(.lqd-hide-onstuck):not(.lqd-stickybar-wrap), body.elementor-page .main-header[data-sticky-header] &gt; .elementor &gt; .e-con:not(.lqd-hide-onstuck):not(.lqd-stickybar-wrap)&quot;}\">\n\t\t\t\t\n\t\t\t\t\t\t<li>\n\t\t\t\t\t\t\t<a  href=\"#agentes\" target=\"_self\" >\n\n\t\t\t\t\t\t\t\t\t\t\t\t\t\t\t\t\t<span class=\"link-icon d-inline-flex hide-if-empty right-icon icon-push-to-edge\"><i aria-hidden=\"true\" class=\"lqd-icn-ess icon-ion-ios-arrow-down\"><\/i><\/span>\n\t\t\t\t\t\t\t\t\n\t\t\t\t\t\t\t\t\t\t\t\t\t\t\t\t\tAgentes de Governan\u00e7a Corporativa\t\t\t\t\t\t\t\t\t\t\t\t\t\t\t\t\t\t\t\t\t\t\t<\/a>\n\t\t\t\t\t\t\t\t\t\t\t\t\t<\/li>\n\n\t\t\t\t\t\t\n\t\t\t\t\t\t<li>\n\t\t\t\t\t\t\t<a  href=\"#denominacao\" target=\"_self\" >\n\n\t\t\t\t\t\t\t\t\t\t\t\t\t\t\t\t\t<span class=\"link-icon d-inline-flex hide-if-empty right-icon icon-push-to-edge\"><i aria-hidden=\"true\" class=\"lqd-icn-ess icon-ion-ios-arrow-down\"><\/i><\/span>\n\t\t\t\t\t\t\t\t\n\t\t\t\t\t\t\t\t\t\t\t\t\t\t\t\t\tDenomina\u00e7\u00e3o social\t\t\t\t\t\t\t\t\t\t\t\t\t\t\t\t\t\t\t\t\t\t\t<\/a>\n\t\t\t\t\t\t\t\t\t\t\t\t\t<\/li>\n\n\t\t\t\t\t\t\n\t\t\t\t\t\t<li>\n\t\t\t\t\t\t\t<a  href=\"#estatuto\" target=\"_self\" >\n\n\t\t\t\t\t\t\t\t\t\t\t\t\t\t\t\t\t<span class=\"link-icon d-inline-flex hide-if-empty right-icon icon-push-to-edge\"><i aria-hidden=\"true\" class=\"lqd-icn-ess icon-ion-ios-arrow-down\"><\/i><\/span>\n\t\t\t\t\t\t\t\t\n\t\t\t\t\t\t\t\t\t\t\t\t\t\t\t\t\tEstatuto Social\t\t\t\t\t\t\t\t\t\t\t\t\t\t\t\t\t\t\t\t\t\t\t<\/a>\n\t\t\t\t\t\t\t\t\t\t\t\t\t<\/li>\n\n\t\t\t\t\t\t\n\t\t\t\t\t\t<li>\n\t\t\t\t\t\t\t<a  href=\"#acionistas\" target=\"_self\" >\n\n\t\t\t\t\t\t\t\t\t\t\t\t\t\t\t\t\t<span class=\"link-icon d-inline-flex hide-if-empty right-icon icon-push-to-edge\"><i aria-hidden=\"true\" class=\"lqd-icn-ess icon-ion-ios-arrow-down\"><\/i><\/span>\n\t\t\t\t\t\t\t\t\n\t\t\t\t\t\t\t\t\t\t\t\t\t\t\t\t\tAcionistas e Assembleia Geral\t\t\t\t\t\t\t\t\t\t\t\t\t\t\t\t\t\t\t\t\t\t\t<\/a>\n\t\t\t\t\t\t\t\t\t\t\t\t\t<\/li>\n\n\t\t\t\t\t\t\t\t\t\t<\/ul>\n\t\t\t\t\t\t\t\t\t<\/div>\n\t\t\t\t\t\t<\/div>\n\t\t\t\t<\/div>\n\t\t\t\t\t<\/div>\n\t\t<\/div>\n\t\t\t\t<div class=\"elementor-column elementor-col-50 elementor-top-column elementor-element elementor-element-bf5ac35\" data-id=\"bf5ac35\" data-element_type=\"column\">\n\t\t\t<div class=\"elementor-widget-wrap elementor-element-populated\">\n\t\t\t\t\t\t<div class=\"elementor-element elementor-element-0f24328 elementor-widget elementor-widget-menu-anchor\" data-id=\"0f24328\" data-element_type=\"widget\" data-widget_type=\"menu-anchor.default\">\n\t\t\t\t<div class=\"elementor-widget-container\">\n\t\t\t\t\t\t\t<div class=\"elementor-menu-anchor\" id=\"agentes\"><\/div>\n\t\t\t\t\t\t<\/div>\n\t\t\t\t<\/div>\n\t\t\t\t<div class=\"elementor-element elementor-element-9fb7ca4 elementor-widget elementor-widget-text-editor\" data-id=\"9fb7ca4\" data-element_type=\"widget\" data-widget_type=\"text-editor.default\">\n\t\t\t\t<div class=\"elementor-widget-container\">\n\t\t\t\t\t\t\t\t\t<p>Utilize o cursor do mouse para mais informa\u00e7\u00f5es.<\/p>\t\t\t\t\t\t\t\t<\/div>\n\t\t\t\t<\/div>\n\t\t\t\t<div class=\"elementor-element elementor-element-b14ce64 elementor-widget__width-initial elementor-widget elementor-widget-shortcode\" data-id=\"b14ce64\" data-element_type=\"widget\" data-widget_type=\"shortcode.default\">\n\t\t\t\t<div class=\"elementor-widget-container\">\n\t\t\t\t\t\t\t<div class=\"elementor-shortcode\">[acionistas]<\/div>\n\t\t\t\t\t\t<\/div>\n\t\t\t\t<\/div>\n\t\t\t\t<div class=\"elementor-element elementor-element-b488cd3 elementor-widget elementor-widget-menu-anchor\" data-id=\"b488cd3\" data-element_type=\"widget\" data-widget_type=\"menu-anchor.default\">\n\t\t\t\t<div class=\"elementor-widget-container\">\n\t\t\t\t\t\t\t<div class=\"elementor-menu-anchor\" id=\"denominacao\"><\/div>\n\t\t\t\t\t\t<\/div>\n\t\t\t\t<\/div>\n\t\t\t\t<div class=\"elementor-element elementor-element-42733e8 elementor-widget-tablet__width-initial elementor-widget-mobile__width-initial elementor-widget elementor-widget-hub_fancy_heading\" data-id=\"42733e8\" data-element_type=\"widget\" data-widget_type=\"hub_fancy_heading.default\">\n\t\t\t\t<div class=\"elementor-widget-container\">\n\t\t\t\t\t\n\t\t<div id=\"ld-fancy-heading-6a05df60a7247\" class=\"ld-fancy-heading pos-rel\">\n\t\t\t<h4 class=\"ld-fh-element d-inline-block pos-rel  elementor-heading-title lqd-highlight-classic lqd-highlight-grow-left h4\"  > Denomina\u00e7\u00e3o social:<\/h4>\t\t<\/div>\n\n\t\t\t\t\t\t<\/div>\n\t\t\t\t<\/div>\n\t\t\t\t<div class=\"elementor-element elementor-element-0131fbe elementor-widget elementor-widget-text-editor\" data-id=\"0131fbe\" data-element_type=\"widget\" data-widget_type=\"text-editor.default\">\n\t\t\t\t<div class=\"elementor-widget-container\">\n\t\t\t\t\t\t\t\t\t<p>CNPJ:<br \/>NIRE:<\/p>\t\t\t\t\t\t\t\t<\/div>\n\t\t\t\t<\/div>\n\t\t\t\t<div class=\"elementor-element elementor-element-a2e10fc elementor-widget elementor-widget-menu-anchor\" data-id=\"a2e10fc\" data-element_type=\"widget\" data-widget_type=\"menu-anchor.default\">\n\t\t\t\t<div class=\"elementor-widget-container\">\n\t\t\t\t\t\t\t<div class=\"elementor-menu-anchor\" id=\"estatuto\"><\/div>\n\t\t\t\t\t\t<\/div>\n\t\t\t\t<\/div>\n\t\t\t\t<div class=\"elementor-element elementor-element-332be72 elementor-widget-tablet__width-initial elementor-widget-mobile__width-initial elementor-widget elementor-widget-hub_fancy_heading\" data-id=\"332be72\" data-element_type=\"widget\" data-widget_type=\"hub_fancy_heading.default\">\n\t\t\t\t<div class=\"elementor-widget-container\">\n\t\t\t\t\t\n\t\t<div id=\"ld-fancy-heading-6a05df60a82ee\" class=\"ld-fancy-heading pos-rel\">\n\t\t\t<h4 class=\"ld-fh-element d-inline-block pos-rel  elementor-heading-title lqd-highlight-classic lqd-highlight-grow-left h4\"  > Estatuto Social<\/h4>\t\t<\/div>\n\n\t\t\t\t\t\t<\/div>\n\t\t\t\t<\/div>\n\t\t\t\t<div class=\"elementor-element elementor-element-6493f7e elementor-widget elementor-widget-text-editor\" data-id=\"6493f7e\" data-element_type=\"widget\" data-widget_type=\"text-editor.default\">\n\t\t\t\t<div class=\"elementor-widget-container\">\n\t\t\t\t\t\t\t\t\t<p><u>Objeto social<\/u>: Atividades econ\u00f4micas que a Combio est\u00e1 a autorizada a realizar:<\/p><p>\u00a0<\/p><ul><li>compra, venda e industrializa\u00e7\u00e3o de biomassa e de vapor;<\/li><li>plantio, cultivo e\/ou explora\u00e7\u00e3o de florestas, especialmente de eucalipto, pinus, ac\u00e1cia e bambu, em terras pr\u00f3prias e\/ou arrendadas, com a finalidade de produ\u00e7\u00e3o de madeira em toras e cavacos;<\/li><li>coleta, manuseio e gest\u00e3o de res\u00edduos ;<\/li><li>aquisi\u00e7\u00e3o de meios para a produ\u00e7\u00e3o de biomassa;<\/li><li>presta\u00e7\u00e3o de servi\u00e7o em ativos florestais de terceiros com a finalidade de produ\u00e7\u00e3o de biomassa;<\/li><li>presta\u00e7\u00e3o de servi\u00e7o em ativos industriais de terceiros com a finalidade de gera\u00e7\u00e3o de energia t\u00e9rmica e\/ou el\u00e9trica;<\/li><li>presta\u00e7\u00e3o de servi\u00e7os de consultoria ambiental;<\/li><li>compra e venda de cr\u00e9ditos de carbono, presta\u00e7\u00e3o de servi\u00e7os de consultoria relacionados ao mercado de cr\u00e9dito de carbono;<\/li><li>loca\u00e7\u00e3o ou arrendamento de m\u00e1quinas e equipamentos industriais com ou sem fornecimento de m\u00e3o de obra para opera\u00e7\u00e3o dos equipamentos;<\/li><li>aluguel de equipamentos biodigestores com ou sem fornecimento de m\u00e3o de obra;<\/li><li>aluguel de equipamentos de efici\u00eancia energ\u00e9tica com ou sem fornecimento de m\u00e3o de obra;<\/li><li>transporte rodovi\u00e1rio de cargas, municipal, intermunicipal e interestadual;<\/li><li>dep\u00f3sito de mercadorias;<\/li><li>servi\u00e7o de engenharia;<\/li><li>an\u00e1lises laboratoriais; e<\/li><li>participa\u00e7\u00e3o em outras sociedades, nacionais ou estrangeiras, na qualidade de s\u00f3cia, acionista ou quotista.<\/li><\/ul><p>daffdsfdsf<\/p>\t\t\t\t\t\t\t\t<\/div>\n\t\t\t\t<\/div>\n\t\t\t\t<div class=\"elementor-element elementor-element-f7ac934 elementor-widget elementor-widget-menu-anchor\" data-id=\"f7ac934\" data-element_type=\"widget\" data-widget_type=\"menu-anchor.default\">\n\t\t\t\t<div class=\"elementor-widget-container\">\n\t\t\t\t\t\t\t<div class=\"elementor-menu-anchor\" id=\"acionistas\"><\/div>\n\t\t\t\t\t\t<\/div>\n\t\t\t\t<\/div>\n\t\t\t\t<div class=\"elementor-element elementor-element-e863c2f elementor-widget-tablet__width-initial elementor-widget-mobile__width-initial elementor-widget elementor-widget-hub_fancy_heading\" data-id=\"e863c2f\" data-element_type=\"widget\" data-widget_type=\"hub_fancy_heading.default\">\n\t\t\t\t<div class=\"elementor-widget-container\">\n\t\t\t\t\t\n\t\t<div id=\"ld-fancy-heading-6a05df60a9300\" class=\"ld-fancy-heading pos-rel\">\n\t\t\t<h4 class=\"ld-fh-element d-inline-block pos-rel  elementor-heading-title lqd-highlight-classic lqd-highlight-grow-left h4\"  > ACIONISTAS E ASSEMBLEIA GERAL<\/h4>\t\t<\/div>\n\n\t\t\t\t\t\t<\/div>\n\t\t\t\t<\/div>\n\t\t\t\t<div class=\"elementor-element elementor-element-3da44fd elementor-widget elementor-widget-ld_tabs\" data-id=\"3da44fd\" data-element_type=\"widget\" data-widget_type=\"ld_tabs.default\">\n\t\t\t\t<div class=\"elementor-widget-container\">\n\t\t\t\t\t\t\t<div class=\"lqd-tabs lqd-tabs-style-13 d-flex lqd-tabs-nav-items-not-expanded  3da44fd lqd-nav-underline-\" data-tabs-options=\"{&quot;trigger&quot;:&quot;click&quot;}\">\n\n\t\t\t<nav class=\"lqd-tabs-nav-wrap\">\n\t\t\t\t<ul class=\"reset-ul lqd-tabs-nav d-flex flex-column pos-rel\" role=\"tablist\"><li data-controls=\"lqd-tab-6461\" role=\"presentation\" class=\"elementor-repeater-item-a9a53d2 active\"><a class=\"d-block mb-2\" href=\"#lqd-tab-6461\" data-bs-target=\"#lqd-tab-6461\" aria-expanded=\"false\" aria-controls=\"lqd-tab-6461\" role=\"tab\" data-toggle=\"tab\" data-bs-toggle=\"tab\"><span class=\"lqd-tabs-nav-txt\">Informa\u00e7\u00e3o 01<\/span><\/a><\/li><li data-controls=\"lqd-tab-6462\" role=\"presentation\" class=\"elementor-repeater-item-4d263fb\"><a class=\"d-block mb-2\" href=\"#lqd-tab-6462\" data-bs-target=\"#lqd-tab-6462\" aria-expanded=\"false\" aria-controls=\"lqd-tab-6462\" role=\"tab\" data-toggle=\"tab\" data-bs-toggle=\"tab\"><span class=\"lqd-tabs-nav-txt\">Informa\u00e7\u00e3o 02<\/span><\/a><\/li><li data-controls=\"lqd-tab-6463\" role=\"presentation\" class=\"elementor-repeater-item-31ae77a\"><a class=\"d-block mb-2\" href=\"#lqd-tab-6463\" data-bs-target=\"#lqd-tab-6463\" aria-expanded=\"false\" aria-controls=\"lqd-tab-6463\" role=\"tab\" data-toggle=\"tab\" data-bs-toggle=\"tab\"><span class=\"lqd-tabs-nav-txt\">Informa\u00e7\u00e3o 03<\/span><\/a><\/li><\/ul>\t\t\t\t\t\t\t<\/nav>\n\n\t\t\t<div class=\"lqd-tabs-content ps-6 pos-rel\"><div id=\"lqd-tab-6461\" role=\"tabpanel\" class=\"lqd-tabs-pane fade active in\"><p>Teste 01<\/p> <\/div><div id=\"lqd-tab-6462\" role=\"tabpanel\" class=\"lqd-tabs-pane fade\"><p>Teste 02<\/p> <\/div><div id=\"lqd-tab-6463\" role=\"tabpanel\" class=\"lqd-tabs-pane fade\"><p>Teste 03<\/p> <\/div><\/div>\n\t\t<\/div>\n\t\t\t\t\t<\/div>\n\t\t\t\t<\/div>\n\t\t\t\t<div class=\"elementor-element elementor-element-b9dbfb4 elementor-widget elementor-widget-ld_table\" data-id=\"b9dbfb4\" data-element_type=\"widget\" data-widget_type=\"ld_table.default\">\n\t\t\t\t<div class=\"elementor-widget-container\">\n\t\t\t\t\t<table><thead><tr><th class=\"elementor-repeater-item-8103d26\">Acionistas<\/th><th class=\"elementor-repeater-item-9b23704\">CNPJ\/CPF<\/th><th class=\"elementor-repeater-item-76c748d\">Nacionalidade<\/th><th class=\"elementor-repeater-item-312891b\">ON<\/th><th class=\"elementor-repeater-item-69d0b65\">PN<\/th><th class=\"elementor-repeater-item-08c82ea\">%<\/th><\/thead><\/tr><tr><td class=\"elementor-repeater-item-0f0a58d\">Acionista 1<\/td><td class=\"elementor-repeater-item-54354ca\">xx<\/td><td class=\"elementor-repeater-item-892ca5a\">xx<\/td><td class=\"elementor-repeater-item-cdd46f1\">xx<\/td><td class=\"elementor-repeater-item-bcc5184\">xx<\/td><td class=\"elementor-repeater-item-76178a0\">xx<\/td><\/tr><tr><td class=\"elementor-repeater-item-339761f\">Acionista 2<\/td><td class=\"elementor-repeater-item-5f21ba3\">xx<\/td><td class=\"elementor-repeater-item-816c1dd\">xx<\/td><td class=\"elementor-repeater-item-d41ff21\">xx<\/td><td class=\"elementor-repeater-item-fd4da15\">xx<\/td><td class=\"elementor-repeater-item-f7b419b\">xx<\/td><\/tr><\/table>\t\t\t\t<\/div>\n\t\t\t\t<\/div>\n\t\t\t\t\t<\/div>\n\t\t<\/div>\n\t\t\t\t\t<\/div>\n\t\t<\/section>\n\t\t<div class=\"elementor-element elementor-element-c5ae406 e-flex e-con-boxed e-con e-parent\" data-id=\"c5ae406\" data-element_type=\"container\">\n\t\t\t\t\t<div class=\"e-con-inner\">\n\t\t\t\t<div class=\"elementor-element elementor-element-c3d7c3c elementor-widget elementor-widget-ld_accordion\" data-id=\"c3d7c3c\" data-element_type=\"widget\" data-widget_type=\"ld_accordion.default\">\n\t\t\t\t<div class=\"elementor-widget-container\">\n\t\t\t\t\t\n\t\t<div class=\"accordion accordion-sm\" id=\"accordion-6a05df60ab5d3\" role=\"tablist\" aria-multiselectable=\"true\">\n\t\t\t\t\t\t\t\t\t\t\t\t<div class=\"accordion-item panel  active\">\n\n\t\t\t\t<div class=\"accordion-heading\" role=\"tab\" id=\"heading-2051\">\n\t\t\t\t<h4 class=\"accordion-title  tabindex=\"-1\">\t\t\t\t\t<a class=\"\" role=\"button\" data-toggle=\"collapse\" data-bs-toggle=\"collapse\"\n                    tabindex=\"0\"\n\t\t\t\t\tdata-parent=\"#accordion-6a05df60ab5d3\" data-bs-parent=\"#accordion-6a05df60ab5d3\" href=\"#collapse-2051\" data-target=\"#collapse-2051\" data-bs-target=\"#collapse-2051\"\n\t\t\t\t\taria-expanded=\"true\" aria-controls=\"collapse-2051\">\n\t\t\t\t\t\t\t\t\t\t\t\t<span class=\"accordion-title-txt\">Accordion #1<\/span>\n\t\t\t\t\t\t\t\t\t\t\t\t\t<span class=\"accordion-expander\"><i class=\"fa fa-chevron-down\"><\/i><i class=\"fa fa-chevron-up\"><\/i><\/span>\t\t\t\t\t\t\t\t\t\t\t<\/a>\n\t\t\t\t<\/h4>\t\t\t\t<\/div>\n\n\t\t\t\t<div id=\"collapse-2051\" class=\"accordion-collapse collapse  show\" data-bs-parent=\"#accordion-6a05df60ab5d3\" role=\"tabpanel\" aria-labelledby=\"heading-2051\">\n\n\t\t\t\t<div class=\"accordion-content\">\n\t\t\t\t\t\t\t\t\t<\/div>\n\n\t\t\t\t<\/div>\n\n\t\t\t<\/div>\n\t\t\t\t\t\t\t\t\t<div class=\"accordion-item panel \">\n\n\t\t\t\t<div class=\"accordion-heading\" role=\"tab\" id=\"heading-2052\">\n\t\t\t\t<h4 class=\"accordion-title  tabindex=\"-1\">\t\t\t\t\t<a class=\"collapsed\" role=\"button\" data-toggle=\"collapse\" data-bs-toggle=\"collapse\"\n                    tabindex=\"0\"\n\t\t\t\t\tdata-parent=\"#accordion-6a05df60ab5d3\" data-bs-parent=\"#accordion-6a05df60ab5d3\" href=\"#collapse-2052\" data-target=\"#collapse-2052\" data-bs-target=\"#collapse-2052\"\n\t\t\t\t\taria-expanded=\"false\" aria-controls=\"collapse-2052\">\n\t\t\t\t\t\t\t\t\t\t\t\t<span class=\"accordion-title-txt\">Accordion #2<\/span>\n\t\t\t\t\t\t\t\t\t\t\t\t\t<span class=\"accordion-expander\"><i class=\"fa fa-chevron-down\"><\/i><i class=\"fa fa-chevron-up\"><\/i><\/span>\t\t\t\t\t\t\t\t\t\t\t<\/a>\n\t\t\t\t<\/h4>\t\t\t\t<\/div>\n\n\t\t\t\t<div id=\"collapse-2052\" class=\"accordion-collapse collapse \" data-bs-parent=\"#accordion-6a05df60ab5d3\" role=\"tabpanel\" aria-labelledby=\"heading-2052\">\n\n\t\t\t\t<div class=\"accordion-content\">\n\t\t\t\t\t<p>Click edit button to change this text. Lorem ipsum dolor sit amet, consectetur adipiscing elit. Ut elit tellus, luctus nec ullamcorper mattis, pulvinar dapibus leo.<\/p>\t\t\t\t<\/div>\n\n\t\t\t\t<\/div>\n\n\t\t\t<\/div>\n\t\t\t\t\t\t\n\t\t<\/div>\n\n\t\t\t\t\t\t<\/div>\n\t\t\t\t<\/div>\n\t\t\t\t\t<\/div>\n\t\t\t\t<\/div>\n\t\t\t\t<\/div>\n\t\t","protected":false},"excerpt":{"rendered":"<p>MODELO 01 Agentes de Governan\u00e7a Corporativa Denomina\u00e7\u00e3o social Estatuto Social Acionistas e Assembleia Geral Utilize o cursor do mouse para mais informa\u00e7\u00f5es. [acionistas] Denomina\u00e7\u00e3o social: CNPJ:NIRE: Estatuto Social Objeto social: Atividades econ\u00f4micas que a Combio est\u00e1 a autorizada a realizar: \u00a0 compra, venda e industrializa\u00e7\u00e3o de biomassa e de vapor; plantio, cultivo e\/ou explora\u00e7\u00e3o de [&hellip;]<\/p>\n","protected":false},"author":3,"featured_media":0,"parent":0,"menu_order":0,"comment_status":"closed","ping_status":"closed","template":"elementor_canvas","meta":{"content-type":"","footnotes":""},"class_list":["post-10205","page","type-page","status-publish","hentry"],"yoast_head":"<!-- This site is optimized with the Yoast SEO plugin v26.8 - https:\/\/yoast.com\/product\/yoast-seo-wordpress\/ -->\n<title>Teste Governan\u00e7a - ComBio<\/title>\n<meta name=\"robots\" content=\"index, follow, max-snippet:-1, max-image-preview:large, max-video-preview:-1\" \/>\n<link rel=\"canonical\" href=\"https:\/\/combio.com.br\/pt_br\/teste-governanca\/\" \/>\n<meta property=\"og:locale\" content=\"pt_BR\" \/>\n<meta property=\"og:type\" content=\"article\" \/>\n<meta property=\"og:title\" content=\"Teste Governan\u00e7a - ComBio\" \/>\n<meta property=\"og:description\" content=\"MODELO 01 Agentes de Governan\u00e7a Corporativa Denomina\u00e7\u00e3o social Estatuto Social Acionistas e Assembleia Geral Utilize o cursor do mouse para mais informa\u00e7\u00f5es. [acionistas] Denomina\u00e7\u00e3o social: CNPJ:NIRE: Estatuto Social Objeto social: Atividades econ\u00f4micas que a Combio est\u00e1 a autorizada a realizar: \u00a0 compra, venda e industrializa\u00e7\u00e3o de biomassa e de vapor; plantio, cultivo e\/ou explora\u00e7\u00e3o de [&hellip;]\" \/>\n<meta property=\"og:url\" content=\"https:\/\/combio.com.br\/pt_br\/teste-governanca\/\" \/>\n<meta property=\"og:site_name\" content=\"ComBio\" \/>\n<meta property=\"article:modified_time\" content=\"2024-10-09T18:34:06+00:00\" \/>\n<meta name=\"twitter:card\" content=\"summary_large_image\" \/>\n<meta name=\"twitter:label1\" content=\"Est. tempo de leitura\" \/>\n\t<meta name=\"twitter:data1\" content=\"2 minutos\" \/>\n<script type=\"application\/ld+json\" class=\"yoast-schema-graph\">{\"@context\":\"https:\/\/schema.org\",\"@graph\":[{\"@type\":\"WebPage\",\"@id\":\"https:\/\/combio.com.br\/teste-governanca\/\",\"url\":\"https:\/\/combio.com.br\/teste-governanca\/\",\"name\":\"Teste Governan\u00e7a - ComBio\",\"isPartOf\":{\"@id\":\"https:\/\/combio.com.br\/pt_br\/#website\"},\"datePublished\":\"2024-10-06T21:20:32+00:00\",\"dateModified\":\"2024-10-09T18:34:06+00:00\",\"breadcrumb\":{\"@id\":\"https:\/\/combio.com.br\/teste-governanca\/#breadcrumb\"},\"inLanguage\":\"pt-BR\",\"potentialAction\":[{\"@type\":\"ReadAction\",\"target\":[\"https:\/\/combio.com.br\/teste-governanca\/\"]}]},{\"@type\":\"BreadcrumbList\",\"@id\":\"https:\/\/combio.com.br\/teste-governanca\/#breadcrumb\",\"itemListElement\":[{\"@type\":\"ListItem\",\"position\":1,\"name\":\"In\u00edcio\",\"item\":\"https:\/\/combio.com.br\/\"},{\"@type\":\"ListItem\",\"position\":2,\"name\":\"Teste Governan\u00e7a\"}]},{\"@type\":\"WebSite\",\"@id\":\"https:\/\/combio.com.br\/pt_br\/#website\",\"url\":\"https:\/\/combio.com.br\/pt_br\/\",\"name\":\"ComBio\",\"description\":\"\",\"publisher\":{\"@id\":\"https:\/\/combio.com.br\/pt_br\/#organization\"},\"potentialAction\":[{\"@type\":\"SearchAction\",\"target\":{\"@type\":\"EntryPoint\",\"urlTemplate\":\"https:\/\/combio.com.br\/pt_br\/?s={search_term_string}\"},\"query-input\":{\"@type\":\"PropertyValueSpecification\",\"valueRequired\":true,\"valueName\":\"search_term_string\"}}],\"inLanguage\":\"pt-BR\"},{\"@type\":\"Organization\",\"@id\":\"https:\/\/combio.com.br\/pt_br\/#organization\",\"name\":\"ComBio\",\"url\":\"https:\/\/combio.com.br\/pt_br\/\",\"logo\":{\"@type\":\"ImageObject\",\"inLanguage\":\"pt-BR\",\"@id\":\"https:\/\/combio.com.br\/pt_br\/#\/schema\/logo\/image\/\",\"url\":\"https:\/\/combio.com.br\/wp-content\/uploads\/2021\/11\/Combio.png\",\"contentUrl\":\"https:\/\/combio.com.br\/wp-content\/uploads\/2021\/11\/Combio.png\",\"width\":301,\"height\":66,\"caption\":\"ComBio\"},\"image\":{\"@id\":\"https:\/\/combio.com.br\/pt_br\/#\/schema\/logo\/image\/\"}}]}<\/script>\n<!-- \/ Yoast SEO plugin. -->","yoast_head_json":{"title":"Teste Governan\u00e7a - ComBio","robots":{"index":"index","follow":"follow","max-snippet":"max-snippet:-1","max-image-preview":"max-image-preview:large","max-video-preview":"max-video-preview:-1"},"canonical":"https:\/\/combio.com.br\/pt_br\/teste-governanca\/","og_locale":"pt_BR","og_type":"article","og_title":"Teste Governan\u00e7a - ComBio","og_description":"MODELO 01 Agentes de Governan\u00e7a Corporativa Denomina\u00e7\u00e3o social Estatuto Social Acionistas e Assembleia Geral Utilize o cursor do mouse para mais informa\u00e7\u00f5es. [acionistas] Denomina\u00e7\u00e3o social: CNPJ:NIRE: Estatuto Social Objeto social: Atividades econ\u00f4micas que a Combio est\u00e1 a autorizada a realizar: \u00a0 compra, venda e industrializa\u00e7\u00e3o de biomassa e de vapor; plantio, cultivo e\/ou explora\u00e7\u00e3o de [&hellip;]","og_url":"https:\/\/combio.com.br\/pt_br\/teste-governanca\/","og_site_name":"ComBio","article_modified_time":"2024-10-09T18:34:06+00:00","twitter_card":"summary_large_image","twitter_misc":{"Est. tempo de leitura":"2 minutos"},"schema":{"@context":"https:\/\/schema.org","@graph":[{"@type":"WebPage","@id":"https:\/\/combio.com.br\/teste-governanca\/","url":"https:\/\/combio.com.br\/teste-governanca\/","name":"Teste Governan\u00e7a - ComBio","isPartOf":{"@id":"https:\/\/combio.com.br\/pt_br\/#website"},"datePublished":"2024-10-06T21:20:32+00:00","dateModified":"2024-10-09T18:34:06+00:00","breadcrumb":{"@id":"https:\/\/combio.com.br\/teste-governanca\/#breadcrumb"},"inLanguage":"pt-BR","potentialAction":[{"@type":"ReadAction","target":["https:\/\/combio.com.br\/teste-governanca\/"]}]},{"@type":"BreadcrumbList","@id":"https:\/\/combio.com.br\/teste-governanca\/#breadcrumb","itemListElement":[{"@type":"ListItem","position":1,"name":"In\u00edcio","item":"https:\/\/combio.com.br\/"},{"@type":"ListItem","position":2,"name":"Teste Governan\u00e7a"}]},{"@type":"WebSite","@id":"https:\/\/combio.com.br\/pt_br\/#website","url":"https:\/\/combio.com.br\/pt_br\/","name":"ComBio","description":"","publisher":{"@id":"https:\/\/combio.com.br\/pt_br\/#organization"},"potentialAction":[{"@type":"SearchAction","target":{"@type":"EntryPoint","urlTemplate":"https:\/\/combio.com.br\/pt_br\/?s={search_term_string}"},"query-input":{"@type":"PropertyValueSpecification","valueRequired":true,"valueName":"search_term_string"}}],"inLanguage":"pt-BR"},{"@type":"Organization","@id":"https:\/\/combio.com.br\/pt_br\/#organization","name":"ComBio","url":"https:\/\/combio.com.br\/pt_br\/","logo":{"@type":"ImageObject","inLanguage":"pt-BR","@id":"https:\/\/combio.com.br\/pt_br\/#\/schema\/logo\/image\/","url":"https:\/\/combio.com.br\/wp-content\/uploads\/2021\/11\/Combio.png","contentUrl":"https:\/\/combio.com.br\/wp-content\/uploads\/2021\/11\/Combio.png","width":301,"height":66,"caption":"ComBio"},"image":{"@id":"https:\/\/combio.com.br\/pt_br\/#\/schema\/logo\/image\/"}}]}},"_links":{"self":[{"href":"https:\/\/combio.com.br\/pt_br\/wp-json\/wp\/v2\/pages\/10205","targetHints":{"allow":["GET"]}}],"collection":[{"href":"https:\/\/combio.com.br\/pt_br\/wp-json\/wp\/v2\/pages"}],"about":[{"href":"https:\/\/combio.com.br\/pt_br\/wp-json\/wp\/v2\/types\/page"}],"author":[{"embeddable":true,"href":"https:\/\/combio.com.br\/pt_br\/wp-json\/wp\/v2\/users\/3"}],"replies":[{"embeddable":true,"href":"https:\/\/combio.com.br\/pt_br\/wp-json\/wp\/v2\/comments?post=10205"}],"version-history":[{"count":74,"href":"https:\/\/combio.com.br\/pt_br\/wp-json\/wp\/v2\/pages\/10205\/revisions"}],"predecessor-version":[{"id":10304,"href":"https:\/\/combio.com.br\/pt_br\/wp-json\/wp\/v2\/pages\/10205\/revisions\/10304"}],"wp:attachment":[{"href":"https:\/\/combio.com.br\/pt_br\/wp-json\/wp\/v2\/media?parent=10205"}],"curies":[{"name":"wp","href":"https:\/\/api.w.org\/{rel}","templated":true}]}}