{"id":9826,"date":"2024-07-06T21:53:06","date_gmt":"2024-07-07T00:53:06","guid":{"rendered":"https:\/\/combio.com.br\/?page_id=9826"},"modified":"2024-07-10T03:57:32","modified_gmt":"2024-07-10T06:57:32","slug":"contato","status":"publish","type":"page","link":"https:\/\/combio.com.br\/en\/contato\/","title":{"rendered":"Contato"},"content":{"rendered":"<div data-elementor-type=\"wp-page\" data-elementor-id=\"9826\" class=\"elementor elementor-9826\" data-elementor-post-type=\"page\">\n\t\t\t\t\t\t<section class=\"elementor-section elementor-top-section elementor-element elementor-element-3447523c elementor-section-height-full elementor-section-boxed elementor-section-height-default elementor-section-items-middle\" data-id=\"3447523c\" data-element_type=\"section\" data-settings=\"{&quot;background_background&quot;:&quot;classic&quot;,&quot;shape_divider_bottom&quot;:&quot;opacity-fan&quot;}\">\n\t\t\t\t\t\t\t<div class=\"elementor-background-overlay\"><\/div>\n\t\t\t\t\t\t<div class=\"elementor-shape elementor-shape-bottom\" aria-hidden=\"true\" data-negative=\"false\">\n\t\t\t<svg xmlns=\"http:\/\/www.w3.org\/2000\/svg\" viewbox=\"0 0 283.5 19.6\" preserveaspectratio=\"none\">\n\t<path class=\"elementor-shape-fill\" style=\"opacity:0.33\" d=\"M0 0L0 18.8 141.8 4.1 283.5 18.8 283.5 0z\"\/>\n\t<path class=\"elementor-shape-fill\" style=\"opacity:0.33\" d=\"M0 0L0 12.6 141.8 4 283.5 12.6 283.5 0z\"\/>\n\t<path class=\"elementor-shape-fill\" style=\"opacity:0.33\" d=\"M0 0L0 6.4 141.8 4 283.5 6.4 283.5 0z\"\/>\n\t<path class=\"elementor-shape-fill\" d=\"M0 0L0 1.2 141.8 4 283.5 1.2 283.5 0z\"\/>\n<\/svg>\t\t<\/div>\n\t\t\t\t\t<div class=\"elementor-container elementor-column-gap-default\">\n\t\t\t\t\t<div class=\"elementor-column elementor-col-100 elementor-top-column elementor-element elementor-element-7482155\" data-id=\"7482155\" data-element_type=\"column\">\n\t\t\t<div class=\"elementor-widget-wrap elementor-element-populated\">\n\t\t\t\t\t\t<div class=\"elementor-element elementor-element-e827b76 elementor-widget elementor-widget-hub_fancy_heading\" data-id=\"e827b76\" data-element_type=\"widget\" data-widget_type=\"hub_fancy_heading.default\">\n\t\t\t\t<div class=\"elementor-widget-container\">\n\t\t\t\t\t\n\t\t<div id=\"ld-fancy-heading-69f97840da316\" class=\"ld-fancy-heading pos-rel\">\n\t\t\t<h2 class=\"ld-fh-element d-inline-block pos-rel  elementor-heading-title lqd-highlight-classic lqd-highlight-grow-left h2\"  > <span style=\"background-color: #02642e;padding: 10px;border-radius: 5px\"> CONTATO<\/span><\/h2>\t\t<\/div>\n\n\t\t\t\t\t\t<\/div>\n\t\t\t\t<\/div>\n\t\t\t\t\t<\/div>\n\t\t<\/div>\n\t\t\t\t\t<\/div>\n\t\t<\/section>\n\t\t\t\t<section class=\"elementor-section elementor-top-section elementor-element elementor-element-6a60ab3e elementor-section-height-min-height elementor-section-boxed elementor-section-height-default elementor-section-items-middle\" data-id=\"6a60ab3e\" data-element_type=\"section\" data-settings=\"{&quot;background_background&quot;:&quot;classic&quot;}\">\n\t\t\t\t\t\t<div class=\"elementor-container elementor-column-gap-default\">\n\t\t\t\t\t<div class=\"elementor-column elementor-col-50 elementor-top-column elementor-element elementor-element-70504b99\" data-id=\"70504b99\" data-element_type=\"column\">\n\t\t\t<div class=\"elementor-widget-wrap elementor-element-populated\">\n\t\t\t\t\t\t<div class=\"elementor-element elementor-element-33f96f1b elementor-widget elementor-widget-hub_fancy_heading\" data-id=\"33f96f1b\" data-element_type=\"widget\" data-widget_type=\"hub_fancy_heading.default\">\n\t\t\t\t<div class=\"elementor-widget-container\">\n\t\t\t\t\t\n\t\t<div id=\"ld-fancy-heading-69f97840daabd\" class=\"ld-fancy-heading pos-rel\">\n\t\t\t<h2 class=\"ld-fh-element d-inline-block pos-rel  elementor-heading-title lqd-highlight-classic lqd-highlight-grow-left h2\"  > Envie sua mensagem<\/h2>\t\t<\/div>\n\n\t\t\t\t\t\t<\/div>\n\t\t\t\t<\/div>\n\t\t\t\t<div class=\"elementor-element elementor-element-792a8d30 elementor-widget elementor-widget-hub_fancy_heading\" data-id=\"792a8d30\" data-element_type=\"widget\" data-widget_type=\"hub_fancy_heading.default\">\n\t\t\t\t<div class=\"elementor-widget-container\">\n\t\t\t\t\t\n\t\t<div id=\"ld-fancy-heading-69f97840daef3\" class=\"ld-fancy-heading pos-rel\">\n\t\t\t<p class=\"ld-fh-element d-inline-block pos-rel  lqd-highlight-classic lqd-highlight-grow-left p\"  > Entre em contato conosco. Responderemos o mais breve poss\u00edvel.<\/p>\t\t<\/div>\n\n\t\t\t\t\t\t<\/div>\n\t\t\t\t<\/div>\n\t\t\t\t<section class=\"elementor-section elementor-inner-section elementor-element elementor-element-4d744775 elementor-section-boxed elementor-section-height-default elementor-section-height-default\" data-id=\"4d744775\" data-element_type=\"section\">\n\t\t\t\t\t\t<div class=\"elementor-container elementor-column-gap-default\">\n\t\t\t\t\t<div class=\"elementor-column elementor-col-50 elementor-inner-column elementor-element elementor-element-1729b7dd\" data-id=\"1729b7dd\" data-element_type=\"column\">\n\t\t\t<div class=\"elementor-widget-wrap elementor-element-populated\">\n\t\t\t\t\t\t<div class=\"elementor-element elementor-element-409b791c elementor-widget elementor-widget-hub_fancy_heading\" data-id=\"409b791c\" data-element_type=\"widget\" data-widget_type=\"hub_fancy_heading.default\">\n\t\t\t\t<div class=\"elementor-widget-container\">\n\t\t\t\t\t\n\t\t<div id=\"ld-fancy-heading-69f97840db2c4\" class=\"ld-fancy-heading pos-rel\">\n\t\t\t<p class=\"ld-fh-element d-inline-block pos-rel  lqd-highlight-classic lqd-highlight-grow-left p\"  > Email<\/p>\t\t<\/div>\n\n\t\t\t\t\t\t<\/div>\n\t\t\t\t<\/div>\n\t\t\t\t<div class=\"elementor-element elementor-element-360d14c6 elementor-widget elementor-widget-hub_fancy_heading\" data-id=\"360d14c6\" data-element_type=\"widget\" data-widget_type=\"hub_fancy_heading.default\">\n\t\t\t\t<div class=\"elementor-widget-container\">\n\t\t\t\t\t\n\t\t<div id=\"ld-fancy-heading-69f97840db687\" class=\"ld-fancy-heading pos-rel\">\n\t\t\t<p class=\"ld-fh-element d-inline-block pos-rel  lqd-highlight-classic lqd-highlight-grow-left p\"  > contato@combioenergia.com.br<\/p>\t\t<\/div>\n\n\t\t\t\t\t\t<\/div>\n\t\t\t\t<\/div>\n\t\t\t\t\t<\/div>\n\t\t<\/div>\n\t\t\t\t<div class=\"elementor-column elementor-col-50 elementor-inner-column elementor-element elementor-element-2409f18e\" data-id=\"2409f18e\" data-element_type=\"column\">\n\t\t\t<div class=\"elementor-widget-wrap elementor-element-populated\">\n\t\t\t\t\t\t<div class=\"elementor-element elementor-element-506f1b07 elementor-widget elementor-widget-hub_fancy_heading\" data-id=\"506f1b07\" data-element_type=\"widget\" data-widget_type=\"hub_fancy_heading.default\">\n\t\t\t\t<div class=\"elementor-widget-container\">\n\t\t\t\t\t\n\t\t<div id=\"ld-fancy-heading-69f97840dba2e\" class=\"ld-fancy-heading pos-rel\">\n\t\t\t<p class=\"ld-fh-element d-inline-block pos-rel  lqd-highlight-classic lqd-highlight-grow-left p\"  > Telefone<\/p>\t\t<\/div>\n\n\t\t\t\t\t\t<\/div>\n\t\t\t\t<\/div>\n\t\t\t\t<div class=\"elementor-element elementor-element-74093b83 elementor-widget elementor-widget-hub_fancy_heading\" data-id=\"74093b83\" data-element_type=\"widget\" data-widget_type=\"hub_fancy_heading.default\">\n\t\t\t\t<div class=\"elementor-widget-container\">\n\t\t\t\t\t\n\t\t<div id=\"ld-fancy-heading-69f97840dbdf8\" class=\"ld-fancy-heading pos-rel\">\n\t\t\t<p class=\"ld-fh-element d-inline-block pos-rel  lqd-highlight-classic lqd-highlight-grow-left p\"  > (11) 3030 0040<\/p>\t\t<\/div>\n\n\t\t\t\t\t\t<\/div>\n\t\t\t\t<\/div>\n\t\t\t\t\t<\/div>\n\t\t<\/div>\n\t\t\t\t\t<\/div>\n\t\t<\/section>\n\t\t\t\t\t<\/div>\n\t\t<\/div>\n\t\t\t\t<div class=\"elementor-column elementor-col-50 elementor-top-column elementor-element elementor-element-2ce7c4f5\" data-id=\"2ce7c4f5\" data-element_type=\"column\" data-settings=\"{&quot;background_background&quot;:&quot;classic&quot;}\">\n\t\t\t<div class=\"elementor-widget-wrap elementor-element-populated\">\n\t\t\t\t\t\t<div class=\"elementor-element elementor-element-5ae3befc lqd-contact-page-form elementor-widget elementor-widget-ld_cf722\" data-id=\"5ae3befc\" data-element_type=\"widget\" data-widget_type=\"ld_cf722.default\">\n\t\t\t\t<div class=\"elementor-widget-container\">\n\t\t\t\t\t\n\t<div class=\"lqd-contact-form lqd-contact-form-inputs-underlined   lqd-contact-form-button-block  lqd-contact-form-button-lg  lqd-contact-form-button-border-none\">\n\t\t\n<div class=\"wpcf7 no-js\" id=\"wpcf7-f6-o1\" lang=\"en-US\" dir=\"ltr\" data-wpcf7-id=\"6\">\n<div class=\"screen-reader-response\"><p role=\"status\" aria-live=\"polite\" aria-atomic=\"true\"><\/p> <ul><\/ul><\/div>\n<form action=\"\/en\/wp-json\/wp\/v2\/pages\/9826#wpcf7-f6-o1\" method=\"post\" class=\"wpcf7-form init\" aria-label=\"Contact form\" novalidate=\"novalidate\" data-status=\"init\" data-trp-original-action=\"\/en\/wp-json\/wp\/v2\/pages\/9826#wpcf7-f6-o1\">\n<fieldset class=\"hidden-fields-container\"><input type=\"hidden\" name=\"_wpcf7\" value=\"6\" \/><input type=\"hidden\" name=\"_wpcf7_version\" value=\"6.1.4\" \/><input type=\"hidden\" name=\"_wpcf7_locale\" value=\"en_US\" \/><input type=\"hidden\" name=\"_wpcf7_unit_tag\" value=\"wpcf7-f6-o1\" \/><input type=\"hidden\" name=\"_wpcf7_container_post\" value=\"0\" \/><input type=\"hidden\" name=\"_wpcf7_posted_data_hash\" value=\"\" \/>\n<\/fieldset>\n<div class=\"row\">\n\t<div class=\"col-xs-12 col-sm-6\">\n\t\t<p><i class=\"lqd-icn-ess icon-lqd-user\"><\/i><span class=\"wpcf7-form-control-wrap\" data-name=\"text-264\"><input size=\"40\" maxlength=\"400\" class=\"wpcf7-form-control wpcf7-text wpcf7-validates-as-required\" aria-required=\"true\" aria-invalid=\"false\" placeholder=\"Name\" value=\"\" type=\"text\" name=\"text-264\" \/><\/span>\n\t\t<\/p>\n\t<\/div>\n\t<div class=\"col-xs-12 col-sm-6\">\n\t\t<p><i class=\"lqd-icn-ess icon-lqd-envelope\"><\/i><span class=\"wpcf7-form-control-wrap\" data-name=\"email-439\"><input size=\"40\" maxlength=\"400\" class=\"wpcf7-form-control wpcf7-email wpcf7-validates-as-required wpcf7-text wpcf7-validates-as-email\" aria-required=\"true\" aria-invalid=\"false\" placeholder=\"Email\" value=\"\" type=\"email\" name=\"email-439\" \/><\/span>\n\t\t<\/p>\n\t<\/div>\n\t<div class=\"col-xs-12 col-sm-12\">\n\t\t<p>Setor\n\t\t<\/p>\n\t\t<p><span class=\"wpcf7-form-control-wrap\" data-name=\"Setor\"><select class=\"wpcf7-form-control wpcf7-select wpcf7-validates-as-required\" aria-required=\"true\" aria-invalid=\"false\" name=\"Setor\"><option value=\"Recep\u00e7\u00e3o\">Recep\u00e7\u00e3o<\/option><option value=\"Comercial\">Comercial<\/option><option value=\"Laborat\u00f3rio\">Laboratory<\/option><option value=\"Comunica\u00e7\u00e3o\">Comunica\u00e7\u00e3o<\/option><option value=\"Contato Seguro (Canal de \u00e9tica)\">Contato Seguro (Canal de \u00e9tica)<\/option><\/select><\/span>\n\t\t<\/p>\n\t<\/div>\n\t<div class=\"col-xs-12 lqd-form-textarea\">\n\t\t<p><i class=\"lqd-icn-ess icon-lqd-pen-2\"><\/i><span class=\"wpcf7-form-control-wrap\" data-name=\"textarea-989\"><textarea cols=\"10\" rows=\"6\" maxlength=\"2000\" class=\"wpcf7-form-control wpcf7-textarea wpcf7-validates-as-required\" aria-required=\"true\" aria-invalid=\"false\" placeholder=\"Message\" name=\"textarea-989\"><\/textarea><\/span>\n\t\t<\/p>\n\t<\/div>\n\t<div class=\"col-xs-12 text-center\">\n\t\t<p><input class=\"wpcf7-form-control wpcf7-submit has-spinner\" type=\"submit\" value=\"\u2014 ENVIAR MENSAGEM\" \/>\n\t\t<\/p>\n\t\t<p class=\"mt-3\" style=\"color: #000;\">\n\t\t<\/p>\n\t<\/div>\n<\/div><div class=\"wpcf7-response-output\" aria-hidden=\"true\"><\/div>\n<input type=\"hidden\" name=\"trp-form-language\" value=\"en\"\/><\/form>\n<\/div>\n\t<\/div>\n\n\t\t\t\t\t<\/div>\n\t\t\t\t<\/div>\n\t\t\t\t\t<\/div>\n\t\t<\/div>\n\t\t\t\t\t<\/div>\n\t\t<\/section>\n\t\t\t\t<\/div>","protected":false},"excerpt":{"rendered":"<p>CONTATO Envie sua mensagem Entre em contato conosco. Responderemos o mais breve poss\u00edvel. Email contato@combioenergia.com.br Telefone (11) 3030 0040 Setor Recep\u00e7\u00e3oComercialLaborat\u00f3rioComunica\u00e7\u00e3oContato Seguro (Canal de \u00e9tica)<\/p>","protected":false},"author":3,"featured_media":0,"parent":0,"menu_order":0,"comment_status":"closed","ping_status":"closed","template":"","meta":{"content-type":"","footnotes":""},"class_list":["post-9826","page","type-page","status-publish","hentry"],"yoast_head":"<!-- This site is optimized with the Yoast SEO plugin v26.8 - https:\/\/yoast.com\/product\/yoast-seo-wordpress\/ -->\n<title>Contato - ComBio<\/title>\n<meta name=\"robots\" content=\"index, follow, max-snippet:-1, max-image-preview:large, max-video-preview:-1\" \/>\n<link rel=\"canonical\" href=\"https:\/\/combio.com.br\/en\/contato\/\" \/>\n<meta property=\"og:locale\" content=\"en_GB\" \/>\n<meta property=\"og:type\" content=\"article\" \/>\n<meta property=\"og:title\" content=\"Contato - ComBio\" \/>\n<meta property=\"og:description\" content=\"CONTATO Envie sua mensagem Entre em contato conosco. Responderemos o mais breve poss\u00edvel. Email contato@combioenergia.com.br Telefone (11) 3030 0040 Setor Recep\u00e7\u00e3oComercialLaborat\u00f3rioComunica\u00e7\u00e3oContato Seguro (Canal de \u00e9tica)\" \/>\n<meta property=\"og:url\" content=\"https:\/\/combio.com.br\/en\/contato\/\" \/>\n<meta property=\"og:site_name\" content=\"ComBio\" \/>\n<meta property=\"article:modified_time\" content=\"2024-07-10T06:57:32+00:00\" \/>\n<meta name=\"twitter:card\" content=\"summary_large_image\" \/>\n<script type=\"application\/ld+json\" class=\"yoast-schema-graph\">{\"@context\":\"https:\/\/schema.org\",\"@graph\":[{\"@type\":\"WebPage\",\"@id\":\"https:\/\/combio.com.br\/contato\/\",\"url\":\"https:\/\/combio.com.br\/contato\/\",\"name\":\"Contato - ComBio\",\"isPartOf\":{\"@id\":\"https:\/\/combio.com.br\/pt_br\/#website\"},\"datePublished\":\"2024-07-07T00:53:06+00:00\",\"dateModified\":\"2024-07-10T06:57:32+00:00\",\"breadcrumb\":{\"@id\":\"https:\/\/combio.com.br\/contato\/#breadcrumb\"},\"inLanguage\":\"en-GB\",\"potentialAction\":[{\"@type\":\"ReadAction\",\"target\":[\"https:\/\/combio.com.br\/contato\/\"]}]},{\"@type\":\"BreadcrumbList\",\"@id\":\"https:\/\/combio.com.br\/contato\/#breadcrumb\",\"itemListElement\":[{\"@type\":\"ListItem\",\"position\":1,\"name\":\"In\u00edcio\",\"item\":\"https:\/\/combio.com.br\/\"},{\"@type\":\"ListItem\",\"position\":2,\"name\":\"Contato\"}]},{\"@type\":\"WebSite\",\"@id\":\"https:\/\/combio.com.br\/pt_br\/#website\",\"url\":\"https:\/\/combio.com.br\/pt_br\/\",\"name\":\"ComBio\",\"description\":\"\",\"publisher\":{\"@id\":\"https:\/\/combio.com.br\/pt_br\/#organization\"},\"potentialAction\":[{\"@type\":\"SearchAction\",\"target\":{\"@type\":\"EntryPoint\",\"urlTemplate\":\"https:\/\/combio.com.br\/pt_br\/?s={search_term_string}\"},\"query-input\":{\"@type\":\"PropertyValueSpecification\",\"valueRequired\":true,\"valueName\":\"search_term_string\"}}],\"inLanguage\":\"en-GB\"},{\"@type\":\"Organization\",\"@id\":\"https:\/\/combio.com.br\/pt_br\/#organization\",\"name\":\"ComBio\",\"url\":\"https:\/\/combio.com.br\/pt_br\/\",\"logo\":{\"@type\":\"ImageObject\",\"inLanguage\":\"en-GB\",\"@id\":\"https:\/\/combio.com.br\/pt_br\/#\/schema\/logo\/image\/\",\"url\":\"https:\/\/combio.com.br\/wp-content\/uploads\/2021\/11\/Combio.png\",\"contentUrl\":\"https:\/\/combio.com.br\/wp-content\/uploads\/2021\/11\/Combio.png\",\"width\":301,\"height\":66,\"caption\":\"ComBio\"},\"image\":{\"@id\":\"https:\/\/combio.com.br\/pt_br\/#\/schema\/logo\/image\/\"}}]}<\/script>\n<!-- \/ Yoast SEO plugin. -->","yoast_head_json":{"title":"Contato - ComBio","robots":{"index":"index","follow":"follow","max-snippet":"max-snippet:-1","max-image-preview":"max-image-preview:large","max-video-preview":"max-video-preview:-1"},"canonical":"https:\/\/combio.com.br\/en\/contato\/","og_locale":"en_GB","og_type":"article","og_title":"Contato - ComBio","og_description":"CONTATO Envie sua mensagem Entre em contato conosco. Responderemos o mais breve poss\u00edvel. Email contato@combioenergia.com.br Telefone (11) 3030 0040 Setor Recep\u00e7\u00e3oComercialLaborat\u00f3rioComunica\u00e7\u00e3oContato Seguro (Canal de \u00e9tica)","og_url":"https:\/\/combio.com.br\/en\/contato\/","og_site_name":"ComBio","article_modified_time":"2024-07-10T06:57:32+00:00","twitter_card":"summary_large_image","schema":{"@context":"https:\/\/schema.org","@graph":[{"@type":"WebPage","@id":"https:\/\/combio.com.br\/contato\/","url":"https:\/\/combio.com.br\/contato\/","name":"Contato - ComBio","isPartOf":{"@id":"https:\/\/combio.com.br\/pt_br\/#website"},"datePublished":"2024-07-07T00:53:06+00:00","dateModified":"2024-07-10T06:57:32+00:00","breadcrumb":{"@id":"https:\/\/combio.com.br\/contato\/#breadcrumb"},"inLanguage":"en-GB","potentialAction":[{"@type":"ReadAction","target":["https:\/\/combio.com.br\/contato\/"]}]},{"@type":"BreadcrumbList","@id":"https:\/\/combio.com.br\/contato\/#breadcrumb","itemListElement":[{"@type":"ListItem","position":1,"name":"In\u00edcio","item":"https:\/\/combio.com.br\/"},{"@type":"ListItem","position":2,"name":"Contato"}]},{"@type":"WebSite","@id":"https:\/\/combio.com.br\/pt_br\/#website","url":"https:\/\/combio.com.br\/pt_br\/","name":"ComBio","description":"","publisher":{"@id":"https:\/\/combio.com.br\/pt_br\/#organization"},"potentialAction":[{"@type":"SearchAction","target":{"@type":"EntryPoint","urlTemplate":"https:\/\/combio.com.br\/pt_br\/?s={search_term_string}"},"query-input":{"@type":"PropertyValueSpecification","valueRequired":true,"valueName":"search_term_string"}}],"inLanguage":"en-GB"},{"@type":"Organization","@id":"https:\/\/combio.com.br\/pt_br\/#organization","name":"ComBio","url":"https:\/\/combio.com.br\/pt_br\/","logo":{"@type":"ImageObject","inLanguage":"en-GB","@id":"https:\/\/combio.com.br\/pt_br\/#\/schema\/logo\/image\/","url":"https:\/\/combio.com.br\/wp-content\/uploads\/2021\/11\/Combio.png","contentUrl":"https:\/\/combio.com.br\/wp-content\/uploads\/2021\/11\/Combio.png","width":301,"height":66,"caption":"ComBio"},"image":{"@id":"https:\/\/combio.com.br\/pt_br\/#\/schema\/logo\/image\/"}}]}},"_links":{"self":[{"href":"https:\/\/combio.com.br\/en\/wp-json\/wp\/v2\/pages\/9826","targetHints":{"allow":["GET"]}}],"collection":[{"href":"https:\/\/combio.com.br\/en\/wp-json\/wp\/v2\/pages"}],"about":[{"href":"https:\/\/combio.com.br\/en\/wp-json\/wp\/v2\/types\/page"}],"author":[{"embeddable":true,"href":"https:\/\/combio.com.br\/en\/wp-json\/wp\/v2\/users\/3"}],"replies":[{"embeddable":true,"href":"https:\/\/combio.com.br\/en\/wp-json\/wp\/v2\/comments?post=9826"}],"version-history":[{"count":7,"href":"https:\/\/combio.com.br\/en\/wp-json\/wp\/v2\/pages\/9826\/revisions"}],"predecessor-version":[{"id":10096,"href":"https:\/\/combio.com.br\/en\/wp-json\/wp\/v2\/pages\/9826\/revisions\/10096"}],"wp:attachment":[{"href":"https:\/\/combio.com.br\/en\/wp-json\/wp\/v2\/media?parent=9826"}],"curies":[{"name":"wp","href":"https:\/\/api.w.org\/{rel}","templated":true}]}}