{"id":9671,"date":"2024-07-03T13:22:34","date_gmt":"2024-07-03T16:22:34","guid":{"rendered":"https:\/\/combio.com.br\/?page_id=9671"},"modified":"2024-07-08T07:49:15","modified_gmt":"2024-07-08T10:49:15","slug":"calculadora","status":"publish","type":"page","link":"https:\/\/combio.com.br\/en\/calculadora\/","title":{"rendered":"Calculadora"},"content":{"rendered":"<div data-elementor-type=\"wp-page\" data-elementor-id=\"9671\" class=\"elementor elementor-9671\" data-elementor-post-type=\"page\">\n\t\t\t\t\t\t<section class=\"elementor-section elementor-top-section elementor-element elementor-element-3447523c elementor-section-height-full elementor-hidden-tablet elementor-hidden-mobile elementor-section-boxed elementor-section-height-default elementor-section-items-middle\" data-id=\"3447523c\" data-element_type=\"section\" data-settings=\"{&quot;background_background&quot;:&quot;classic&quot;,&quot;shape_divider_bottom&quot;:&quot;opacity-fan&quot;}\">\n\t\t\t\t\t\t\t<div class=\"elementor-background-overlay\"><\/div>\n\t\t\t\t\t\t<div class=\"elementor-shape elementor-shape-bottom\" aria-hidden=\"true\" data-negative=\"false\">\n\t\t\t<svg xmlns=\"http:\/\/www.w3.org\/2000\/svg\" viewbox=\"0 0 283.5 19.6\" preserveaspectratio=\"none\">\n\t<path class=\"elementor-shape-fill\" style=\"opacity:0.33\" d=\"M0 0L0 18.8 141.8 4.1 283.5 18.8 283.5 0z\"\/>\n\t<path class=\"elementor-shape-fill\" style=\"opacity:0.33\" d=\"M0 0L0 12.6 141.8 4 283.5 12.6 283.5 0z\"\/>\n\t<path class=\"elementor-shape-fill\" style=\"opacity:0.33\" d=\"M0 0L0 6.4 141.8 4 283.5 6.4 283.5 0z\"\/>\n\t<path class=\"elementor-shape-fill\" d=\"M0 0L0 1.2 141.8 4 283.5 1.2 283.5 0z\"\/>\n<\/svg>\t\t<\/div>\n\t\t\t\t\t<div class=\"elementor-container elementor-column-gap-default\">\n\t\t\t\t\t<div class=\"elementor-column elementor-col-100 elementor-top-column elementor-element elementor-element-7482155\" data-id=\"7482155\" data-element_type=\"column\">\n\t\t\t<div class=\"elementor-widget-wrap elementor-element-populated\">\n\t\t\t\t\t\t<div class=\"elementor-element elementor-element-3dd5fa2 elementor-widget elementor-widget-hub_fancy_heading\" data-id=\"3dd5fa2\" data-element_type=\"widget\" data-widget_type=\"hub_fancy_heading.default\">\n\t\t\t\t<div class=\"elementor-widget-container\">\n\t\t\t\t\t\n\t\t<div id=\"ld-fancy-heading-69f977167af55\" class=\"ld-fancy-heading pos-rel\">\n\t\t\t<h2 class=\"ld-fh-element d-inline-block pos-rel  elementor-heading-title lqd-highlight-classic lqd-highlight-grow-left h2\"  > <span style=\"background-color: #02642e;padding: 10px;border-radius: 5px\">CALCULADORA<\/span><\/h2>\t\t<\/div>\n\n\t\t\t\t\t\t<\/div>\n\t\t\t\t<\/div>\n\t\t\t\t\t<\/div>\n\t\t<\/div>\n\t\t\t\t\t<\/div>\n\t\t<\/section>\n\t\t\t\t<section class=\"elementor-section elementor-top-section elementor-element elementor-element-03f9957 elementor-section-height-min-height elementor-hidden-desktop elementor-section-boxed elementor-section-height-default elementor-section-items-middle\" data-id=\"03f9957\" data-element_type=\"section\" data-settings=\"{&quot;background_background&quot;:&quot;classic&quot;,&quot;shape_divider_bottom&quot;:&quot;opacity-fan&quot;}\">\n\t\t\t\t\t\t\t<div class=\"elementor-background-overlay\"><\/div>\n\t\t\t\t\t\t<div class=\"elementor-shape elementor-shape-bottom\" aria-hidden=\"true\" data-negative=\"false\">\n\t\t\t<svg xmlns=\"http:\/\/www.w3.org\/2000\/svg\" viewbox=\"0 0 283.5 19.6\" preserveaspectratio=\"none\">\n\t<path class=\"elementor-shape-fill\" style=\"opacity:0.33\" d=\"M0 0L0 18.8 141.8 4.1 283.5 18.8 283.5 0z\"\/>\n\t<path class=\"elementor-shape-fill\" style=\"opacity:0.33\" d=\"M0 0L0 12.6 141.8 4 283.5 12.6 283.5 0z\"\/>\n\t<path class=\"elementor-shape-fill\" style=\"opacity:0.33\" d=\"M0 0L0 6.4 141.8 4 283.5 6.4 283.5 0z\"\/>\n\t<path class=\"elementor-shape-fill\" d=\"M0 0L0 1.2 141.8 4 283.5 1.2 283.5 0z\"\/>\n<\/svg>\t\t<\/div>\n\t\t\t\t\t<div class=\"elementor-container elementor-column-gap-default\">\n\t\t\t\t\t<div class=\"elementor-column elementor-col-100 elementor-top-column elementor-element elementor-element-930da14\" data-id=\"930da14\" data-element_type=\"column\">\n\t\t\t<div class=\"elementor-widget-wrap elementor-element-populated\">\n\t\t\t\t\t\t<div class=\"elementor-element elementor-element-ef5a7ef elementor-widget elementor-widget-hub_fancy_heading\" data-id=\"ef5a7ef\" data-element_type=\"widget\" data-widget_type=\"hub_fancy_heading.default\">\n\t\t\t\t<div class=\"elementor-widget-container\">\n\t\t\t\t\t\n\t\t<div id=\"ld-fancy-heading-69f977167b65b\" class=\"ld-fancy-heading pos-rel\">\n\t\t\t<h2 class=\"ld-fh-element d-inline-block pos-rel  elementor-heading-title lqd-highlight-classic lqd-highlight-grow-left h2\"  > <span style=\"background-color: #02642e;padding: 10px;border-radius: 5px\">CALCULADORA<\/span><\/h2>\t\t<\/div>\n\n\t\t\t\t\t\t<\/div>\n\t\t\t\t<\/div>\n\t\t\t\t\t<\/div>\n\t\t<\/div>\n\t\t\t\t\t<\/div>\n\t\t<\/section>\n\t\t\t\t<section class=\"elementor-section elementor-top-section elementor-element elementor-element-563918f elementor-section-boxed elementor-section-height-default elementor-section-height-default\" data-id=\"563918f\" data-element_type=\"section\">\n\t\t\t\t\t\t<div class=\"elementor-container elementor-column-gap-default\">\n\t\t\t\t\t<div class=\"elementor-column elementor-col-100 elementor-top-column elementor-element elementor-element-4aafa3fe\" data-id=\"4aafa3fe\" data-element_type=\"column\" data-settings=\"{&quot;background_background&quot;:&quot;classic&quot;}\">\n\t\t\t<div class=\"elementor-widget-wrap elementor-element-populated\">\n\t\t\t\t\t\t<div class=\"elementor-element elementor-element-44c87637 elementor-widget__width-initial elementor-widget elementor-widget-hub_fancy_heading\" data-id=\"44c87637\" data-element_type=\"widget\" data-widget_type=\"hub_fancy_heading.default\">\n\t\t\t\t<div class=\"elementor-widget-container\">\n\t\t\t\t\t\n\t\t<div id=\"ld-fancy-heading-69f977167ba83\" class=\"ld-fancy-heading pos-rel\">\n\t\t\t<p class=\"ld-fh-element d-inline-block pos-rel  lqd-highlight-classic lqd-highlight-grow-left p\"  > Preencha os dados abaixo para calcular a quantidade de emiss\u00f5es que podem ser evitadas com a troca de uma caldeira a combust\u00edveis f\u00f3sseis por uma caldeira a biomassa!<\/p>\t\t<\/div>\n\n\t\t\t\t\t\t<\/div>\n\t\t\t\t<\/div>\n\t\t\t\t<div class=\"elementor-element elementor-element-4e6ecab elementor-widget elementor-widget-shortcode\" data-id=\"4e6ecab\" data-element_type=\"widget\" data-widget_type=\"shortcode.default\">\n\t\t\t\t<div class=\"elementor-widget-container\">\n\t\t\t\t\t\t\t<div class=\"elementor-shortcode\">[ezfc id='2' \/]<\/div>\n\t\t\t\t\t\t<\/div>\n\t\t\t\t<\/div>\n\t\t\t\t\t<\/div>\n\t\t<\/div>\n\t\t\t\t\t<\/div>\n\t\t<\/section>\n\t\t\t\t<\/div>","protected":false},"excerpt":{"rendered":"<p>CALCULADORA CALCULADORA Preencha os dados abaixo para calcular a quantidade de emiss\u00f5es que podem ser evitadas com a troca de uma caldeira a combust\u00edveis f\u00f3sseis por uma caldeira a biomassa! [ezfc id=&#8217;2&#8242; \/]<\/p>","protected":false},"author":3,"featured_media":0,"parent":0,"menu_order":0,"comment_status":"closed","ping_status":"closed","template":"","meta":{"content-type":"","footnotes":""},"class_list":["post-9671","page","type-page","status-publish","hentry"],"yoast_head":"<!-- This site is optimized with the Yoast SEO plugin v26.8 - https:\/\/yoast.com\/product\/yoast-seo-wordpress\/ -->\n<title>Calculadora - ComBio<\/title>\n<meta name=\"robots\" content=\"index, follow, max-snippet:-1, max-image-preview:large, max-video-preview:-1\" \/>\n<link rel=\"canonical\" href=\"https:\/\/combio.com.br\/en\/calculadora\/\" \/>\n<meta property=\"og:locale\" content=\"en_GB\" \/>\n<meta property=\"og:type\" content=\"article\" \/>\n<meta property=\"og:title\" content=\"Calculadora - ComBio\" \/>\n<meta property=\"og:description\" content=\"CALCULADORA CALCULADORA Preencha os dados abaixo para calcular a quantidade de emiss\u00f5es que podem ser evitadas com a troca de uma caldeira a combust\u00edveis f\u00f3sseis por uma caldeira a biomassa! [ezfc id=&#8217;2&#8242; \/]\" \/>\n<meta property=\"og:url\" content=\"https:\/\/combio.com.br\/en\/calculadora\/\" \/>\n<meta property=\"og:site_name\" content=\"ComBio\" \/>\n<meta property=\"article:modified_time\" content=\"2024-07-08T10:49:15+00:00\" \/>\n<meta name=\"twitter:card\" content=\"summary_large_image\" \/>\n<script type=\"application\/ld+json\" class=\"yoast-schema-graph\">{\"@context\":\"https:\/\/schema.org\",\"@graph\":[{\"@type\":\"WebPage\",\"@id\":\"https:\/\/combio.com.br\/calculadora\/\",\"url\":\"https:\/\/combio.com.br\/calculadora\/\",\"name\":\"Calculadora - ComBio\",\"isPartOf\":{\"@id\":\"https:\/\/combio.com.br\/pt_br\/#website\"},\"datePublished\":\"2024-07-03T16:22:34+00:00\",\"dateModified\":\"2024-07-08T10:49:15+00:00\",\"breadcrumb\":{\"@id\":\"https:\/\/combio.com.br\/calculadora\/#breadcrumb\"},\"inLanguage\":\"en-GB\",\"potentialAction\":[{\"@type\":\"ReadAction\",\"target\":[\"https:\/\/combio.com.br\/calculadora\/\"]}]},{\"@type\":\"BreadcrumbList\",\"@id\":\"https:\/\/combio.com.br\/calculadora\/#breadcrumb\",\"itemListElement\":[{\"@type\":\"ListItem\",\"position\":1,\"name\":\"In\u00edcio\",\"item\":\"https:\/\/combio.com.br\/\"},{\"@type\":\"ListItem\",\"position\":2,\"name\":\"Calculadora\"}]},{\"@type\":\"WebSite\",\"@id\":\"https:\/\/combio.com.br\/pt_br\/#website\",\"url\":\"https:\/\/combio.com.br\/pt_br\/\",\"name\":\"ComBio\",\"description\":\"\",\"publisher\":{\"@id\":\"https:\/\/combio.com.br\/pt_br\/#organization\"},\"potentialAction\":[{\"@type\":\"SearchAction\",\"target\":{\"@type\":\"EntryPoint\",\"urlTemplate\":\"https:\/\/combio.com.br\/pt_br\/?s={search_term_string}\"},\"query-input\":{\"@type\":\"PropertyValueSpecification\",\"valueRequired\":true,\"valueName\":\"search_term_string\"}}],\"inLanguage\":\"en-GB\"},{\"@type\":\"Organization\",\"@id\":\"https:\/\/combio.com.br\/pt_br\/#organization\",\"name\":\"ComBio\",\"url\":\"https:\/\/combio.com.br\/pt_br\/\",\"logo\":{\"@type\":\"ImageObject\",\"inLanguage\":\"en-GB\",\"@id\":\"https:\/\/combio.com.br\/pt_br\/#\/schema\/logo\/image\/\",\"url\":\"https:\/\/combio.com.br\/wp-content\/uploads\/2021\/11\/Combio.png\",\"contentUrl\":\"https:\/\/combio.com.br\/wp-content\/uploads\/2021\/11\/Combio.png\",\"width\":301,\"height\":66,\"caption\":\"ComBio\"},\"image\":{\"@id\":\"https:\/\/combio.com.br\/pt_br\/#\/schema\/logo\/image\/\"}}]}<\/script>\n<!-- \/ Yoast SEO plugin. -->","yoast_head_json":{"title":"Calculadora - ComBio","robots":{"index":"index","follow":"follow","max-snippet":"max-snippet:-1","max-image-preview":"max-image-preview:large","max-video-preview":"max-video-preview:-1"},"canonical":"https:\/\/combio.com.br\/en\/calculadora\/","og_locale":"en_GB","og_type":"article","og_title":"Calculadora - ComBio","og_description":"CALCULADORA CALCULADORA Preencha os dados abaixo para calcular a quantidade de emiss\u00f5es que podem ser evitadas com a troca de uma caldeira a combust\u00edveis f\u00f3sseis por uma caldeira a biomassa! [ezfc id=&#8217;2&#8242; \/]","og_url":"https:\/\/combio.com.br\/en\/calculadora\/","og_site_name":"ComBio","article_modified_time":"2024-07-08T10:49:15+00:00","twitter_card":"summary_large_image","schema":{"@context":"https:\/\/schema.org","@graph":[{"@type":"WebPage","@id":"https:\/\/combio.com.br\/calculadora\/","url":"https:\/\/combio.com.br\/calculadora\/","name":"Calculadora - ComBio","isPartOf":{"@id":"https:\/\/combio.com.br\/pt_br\/#website"},"datePublished":"2024-07-03T16:22:34+00:00","dateModified":"2024-07-08T10:49:15+00:00","breadcrumb":{"@id":"https:\/\/combio.com.br\/calculadora\/#breadcrumb"},"inLanguage":"en-GB","potentialAction":[{"@type":"ReadAction","target":["https:\/\/combio.com.br\/calculadora\/"]}]},{"@type":"BreadcrumbList","@id":"https:\/\/combio.com.br\/calculadora\/#breadcrumb","itemListElement":[{"@type":"ListItem","position":1,"name":"In\u00edcio","item":"https:\/\/combio.com.br\/"},{"@type":"ListItem","position":2,"name":"Calculadora"}]},{"@type":"WebSite","@id":"https:\/\/combio.com.br\/pt_br\/#website","url":"https:\/\/combio.com.br\/pt_br\/","name":"ComBio","description":"","publisher":{"@id":"https:\/\/combio.com.br\/pt_br\/#organization"},"potentialAction":[{"@type":"SearchAction","target":{"@type":"EntryPoint","urlTemplate":"https:\/\/combio.com.br\/pt_br\/?s={search_term_string}"},"query-input":{"@type":"PropertyValueSpecification","valueRequired":true,"valueName":"search_term_string"}}],"inLanguage":"en-GB"},{"@type":"Organization","@id":"https:\/\/combio.com.br\/pt_br\/#organization","name":"ComBio","url":"https:\/\/combio.com.br\/pt_br\/","logo":{"@type":"ImageObject","inLanguage":"en-GB","@id":"https:\/\/combio.com.br\/pt_br\/#\/schema\/logo\/image\/","url":"https:\/\/combio.com.br\/wp-content\/uploads\/2021\/11\/Combio.png","contentUrl":"https:\/\/combio.com.br\/wp-content\/uploads\/2021\/11\/Combio.png","width":301,"height":66,"caption":"ComBio"},"image":{"@id":"https:\/\/combio.com.br\/pt_br\/#\/schema\/logo\/image\/"}}]}},"_links":{"self":[{"href":"https:\/\/combio.com.br\/en\/wp-json\/wp\/v2\/pages\/9671","targetHints":{"allow":["GET"]}}],"collection":[{"href":"https:\/\/combio.com.br\/en\/wp-json\/wp\/v2\/pages"}],"about":[{"href":"https:\/\/combio.com.br\/en\/wp-json\/wp\/v2\/types\/page"}],"author":[{"embeddable":true,"href":"https:\/\/combio.com.br\/en\/wp-json\/wp\/v2\/users\/3"}],"replies":[{"embeddable":true,"href":"https:\/\/combio.com.br\/en\/wp-json\/wp\/v2\/comments?post=9671"}],"version-history":[{"count":16,"href":"https:\/\/combio.com.br\/en\/wp-json\/wp\/v2\/pages\/9671\/revisions"}],"predecessor-version":[{"id":9955,"href":"https:\/\/combio.com.br\/en\/wp-json\/wp\/v2\/pages\/9671\/revisions\/9955"}],"wp:attachment":[{"href":"https:\/\/combio.com.br\/en\/wp-json\/wp\/v2\/media?parent=9671"}],"curies":[{"name":"wp","href":"https:\/\/api.w.org\/{rel}","templated":true}]}}