{"id":10821,"date":"2026-01-29T03:27:09","date_gmt":"2026-01-29T06:27:09","guid":{"rendered":"https:\/\/combio.com.br\/?page_id=10821"},"modified":"2026-01-29T03:33:02","modified_gmt":"2026-01-29T06:33:02","slug":"uso-de-cookies","status":"publish","type":"page","link":"https:\/\/combio.com.br\/en\/uso-de-cookies\/","title":{"rendered":"Uso de Cookies"},"content":{"rendered":"<div data-elementor-type=\"wp-page\" data-elementor-id=\"10821\" class=\"elementor elementor-10821\" data-elementor-post-type=\"page\">\n\t\t\t\t<div class=\"elementor-element elementor-element-789b8e6 e-flex e-con-boxed e-con e-parent\" data-id=\"789b8e6\" data-element_type=\"container\">\n\t\t\t\t\t<div class=\"e-con-inner\">\n\t\t\t\t<div class=\"elementor-element elementor-element-b79e643 elementor-widget elementor-widget-image\" data-id=\"b79e643\" data-element_type=\"widget\" data-widget_type=\"image.default\">\n\t\t\t\t<div class=\"elementor-widget-container\">\n\t\t\t\t\t\t\t\t\t\t\t\t\t\t\t<img decoding=\"async\" width=\"301\" height=\"66\" src=\"https:\/\/combio.com.br\/wp-content\/uploads\/2021\/11\/Combio.png\" class=\"attachment-full size-full wp-image-8191\" alt=\"\" srcset=\"https:\/\/combio.com.br\/wp-content\/uploads\/2021\/11\/Combio.png 301w, https:\/\/combio.com.br\/wp-content\/uploads\/2021\/11\/Combio-18x4.png 18w\" sizes=\"(max-width: 301px) 100vw, 301px\" \/>\t\t\t\t\t\t\t\t\t\t\t\t\t\t\t<\/div>\n\t\t\t\t<\/div>\n\t\t\t\t<div class=\"elementor-element elementor-element-4b6a597 elementor-align-center elementor-widget elementor-widget-ld_button\" data-id=\"4b6a597\" data-element_type=\"widget\" data-widget_type=\"ld_button.default\">\n\t\t\t\t<div class=\"elementor-widget-container\">\n\t\t\t\t\t\n\t\t\t<a\n\t\t\t\thref=\"https:\/\/combio.com.br\/en\/\"class=\"elementor-button btn btn-solid btn-icon-shaped btn-has-label\"\t\t\t>\n\t\t\t\t\t\t\t\t\t<span data-text=\"RETORNAR A P\u00c1GINA INICIAL\" class=\"btn-txt\">\n\t\t\t\t\t\tRETORNAR A P\u00c1GINA INICIAL\t\t\t\t\t<\/span>\n\t\t\t\t\t\t\t\t\t\t\t<\/a>\n\t\t\t\t\t\t\t<\/div>\n\t\t\t\t<\/div>\n\t\t\t\t<div class=\"elementor-element elementor-element-ce53d01 elementor-widget elementor-widget-text-editor\" data-id=\"ce53d01\" data-element_type=\"widget\" data-widget_type=\"text-editor.default\">\n\t\t\t\t<div class=\"elementor-widget-container\">\n\t\t\t\t\t\t\t\t\t<p><strong>Uso de Cookies<\/strong><\/p><p>O site da ComBio utiliza cookies e tecnologias semelhantes para melhorar a experi\u00eancia de navega\u00e7\u00e3o, garantir o funcionamento adequado das p\u00e1ginas, analisar o desempenho do site e oferecer conte\u00fados mais relevantes aos usu\u00e1rios.<\/p><p>Cookies s\u00e3o pequenos arquivos de texto armazenados no dispositivo do usu\u00e1rio quando ele acessa um site. Eles permitem reconhecer prefer\u00eancias, compreender padr\u00f5es de uso e aprimorar continuamente nossos servi\u00e7os.<\/p><p><strong>Tipos de Cookies Utilizados<\/strong><\/p><ol><li><strong> Cookies Estritamente Necess\u00e1rios<\/strong><\/li><\/ol><p>Esses cookies s\u00e3o essenciais para o funcionamento do site e n\u00e3o podem ser desativados em nossos sistemas.<\/p><p>Finalidade:<\/p><ul><li>Garantir a navega\u00e7\u00e3o segura;<\/li><li>Permitir o correto funcionamento das p\u00e1ginas;<\/li><li>Manter prefer\u00eancias b\u00e1sicas do usu\u00e1rio.<\/li><li>Informa\u00e7\u00f5es coletadas:<\/li><li>Sess\u00e3o de navega\u00e7\u00e3o;<\/li><li>Prefer\u00eancias de idioma ou regi\u00e3o;<\/li><li>Dados t\u00e9cnicos necess\u00e1rios para opera\u00e7\u00e3o do site.<\/li><\/ul><ol start=\"2\"><li><strong> Cookies de Desempenho e An\u00e1lise<\/strong><\/li><\/ol><p>Utilizados para compreender como os visitantes interagem com o site, permitindo a melhoria cont\u00ednua da experi\u00eancia do usu\u00e1rio.<\/p><p>Finalidade:<\/p><ul><li>Analisar p\u00e1ginas mais acessadas;<\/li><li>Identificar erros de navega\u00e7\u00e3o;<\/li><li>Medir desempenho e uso do site.<\/li><li>Informa\u00e7\u00f5es coletadas:<\/li><li>Endere\u00e7o IP (de forma anonimizada, quando aplic\u00e1vel);<\/li><li>Tipo de navegador e dispositivo;<\/li><li>P\u00e1ginas visitadas e tempo de perman\u00eancia;<\/li><li>Origem de acesso (ex.: buscadores).<\/li><\/ul><p>Esses dados s\u00e3o utilizados exclusivamente para fins estat\u00edsticos e de melhoria do site.<\/p><ol start=\"3\"><li><strong> Cookies de Funcionalidade<\/strong><\/li><\/ol><p>Permitem que o site se lembre de escolhas feitas pelo usu\u00e1rio, proporcionando uma experi\u00eancia mais personalizada.<\/p><p>Finalidade:<\/p><ul><li>Memorizar prefer\u00eancias;<\/li><li>Ajustar conte\u00fados conforme intera\u00e7\u00f5es anteriores.<\/li><li>Informa\u00e7\u00f5es coletadas:<\/li><li>Prefer\u00eancias de navega\u00e7\u00e3o;<\/li><li>Configura\u00e7\u00f5es selecionadas pelo usu\u00e1rio.<\/li><\/ul><ol start=\"4\"><li><strong> Cookies de Marketing e Comunica\u00e7\u00e3o (quando aplic\u00e1vel)<\/strong><\/li><\/ol><p>Esses cookies podem ser utilizados para apresentar conte\u00fados institucionais ou comunica\u00e7\u00f5es mais alinhadas aos interesses do usu\u00e1rio.<\/p><p>Finalidade:<\/p><ul><li>Mensura\u00e7\u00e3o de campanhas;<\/li><li>Comunica\u00e7\u00e3o institucional;<\/li><li>Relacionamento com usu\u00e1rios e visitantes.<\/li><li>Informa\u00e7\u00f5es coletadas:<\/li><li>Intera\u00e7\u00f5es com p\u00e1ginas e conte\u00fados;<\/li><li>Dados de navega\u00e7\u00e3o vinculados a campanhas espec\u00edficas.<\/li><\/ul><p><strong>Base Legal para o Uso de Cookies<\/strong><\/p><p>O uso de cookies \u00e9 realizado com base:<\/p><ul><li>No consentimento do titular, quando exigido pela legisla\u00e7\u00e3o;<\/li><li>No leg\u00edtimo interesse, para garantir seguran\u00e7a, funcionamento e melhoria do site;<\/li><li>No cumprimento de obriga\u00e7\u00f5es legais e regulat\u00f3rias.<\/li><\/ul><p>O consentimento pode ser gerenciado ou revogado a qualquer momento por meio das configura\u00e7\u00f5es do navegador ou do banner de cookies dispon\u00edvel no site.<\/p><p><strong>Gerenciamento de Cookies<\/strong><\/p><p>O usu\u00e1rio pode, a qualquer momento:<\/p><ul><li>Configurar seu navegador para bloquear ou alertar sobre o uso de cookies;<\/li><li>Excluir cookies j\u00e1 armazenados;<\/li><li>Ajustar prefer\u00eancias diretamente no banner de consentimento do site, quando dispon\u00edvel.<\/li><\/ul><p>A desativa\u00e7\u00e3o de determinados cookies pode impactar a funcionalidade ou a experi\u00eancia de navega\u00e7\u00e3o.<\/p><p><strong>Atualiza\u00e7\u00f5es<\/strong><\/p><p>Esta Pol\u00edtica de Cookies pode ser atualizada periodicamente para refletir mudan\u00e7as nos servi\u00e7os, tecnologias ou requisitos legais. Recomendamos a consulta regular deste conte\u00fado.<\/p>\t\t\t\t\t\t\t\t<\/div>\n\t\t\t\t<\/div>\n\t\t\t\t\t<\/div>\n\t\t\t\t<\/div>\n\t\t\t\t<\/div>","protected":false},"excerpt":{"rendered":"<p>RETORNAR A P\u00c1GINA INICIAL Uso de Cookies O site da ComBio utiliza cookies e tecnologias semelhantes para melhorar a experi\u00eancia de navega\u00e7\u00e3o, garantir o funcionamento adequado das p\u00e1ginas, analisar o desempenho do site e oferecer conte\u00fados mais relevantes aos usu\u00e1rios. Cookies s\u00e3o pequenos arquivos de texto armazenados no dispositivo do usu\u00e1rio quando ele acessa um [&hellip;]<\/p>","protected":false},"author":3,"featured_media":0,"parent":0,"menu_order":0,"comment_status":"closed","ping_status":"closed","template":"elementor_canvas","meta":{"content-type":"","footnotes":""},"class_list":["post-10821","page","type-page","status-publish","hentry"],"yoast_head":"<!-- This site is optimized with the Yoast SEO plugin v26.8 - https:\/\/yoast.com\/product\/yoast-seo-wordpress\/ -->\n<title>Uso de Cookies - ComBio<\/title>\n<meta name=\"robots\" content=\"index, follow, max-snippet:-1, max-image-preview:large, max-video-preview:-1\" \/>\n<link rel=\"canonical\" href=\"https:\/\/combio.com.br\/en\/uso-de-cookies\/\" \/>\n<meta property=\"og:locale\" content=\"en_GB\" \/>\n<meta property=\"og:type\" content=\"article\" \/>\n<meta property=\"og:title\" content=\"Uso de Cookies - ComBio\" \/>\n<meta property=\"og:description\" content=\"RETORNAR A P\u00c1GINA INICIAL Uso de Cookies O site da ComBio utiliza cookies e tecnologias semelhantes para melhorar a experi\u00eancia de navega\u00e7\u00e3o, garantir o funcionamento adequado das p\u00e1ginas, analisar o desempenho do site e oferecer conte\u00fados mais relevantes aos usu\u00e1rios. Cookies s\u00e3o pequenos arquivos de texto armazenados no dispositivo do usu\u00e1rio quando ele acessa um [&hellip;]\" \/>\n<meta property=\"og:url\" content=\"https:\/\/combio.com.br\/en\/uso-de-cookies\/\" \/>\n<meta property=\"og:site_name\" content=\"ComBio\" \/>\n<meta property=\"article:modified_time\" content=\"2026-01-29T06:33:02+00:00\" \/>\n<meta property=\"og:image\" content=\"https:\/\/combio.com.br\/wp-content\/uploads\/2021\/11\/Combio.png\" \/>\n\t<meta property=\"og:image:width\" content=\"301\" \/>\n\t<meta property=\"og:image:height\" content=\"66\" \/>\n\t<meta property=\"og:image:type\" content=\"image\/png\" \/>\n<meta name=\"twitter:card\" content=\"summary_large_image\" \/>\n<meta name=\"twitter:label1\" content=\"Estimated reading time\" \/>\n\t<meta name=\"twitter:data1\" content=\"3 minutes\" \/>\n<script type=\"application\/ld+json\" class=\"yoast-schema-graph\">{\"@context\":\"https:\/\/schema.org\",\"@graph\":[{\"@type\":\"WebPage\",\"@id\":\"https:\/\/combio.com.br\/uso-de-cookies\/\",\"url\":\"https:\/\/combio.com.br\/uso-de-cookies\/\",\"name\":\"Uso de Cookies - ComBio\",\"isPartOf\":{\"@id\":\"https:\/\/combio.com.br\/pt_br\/#website\"},\"primaryImageOfPage\":{\"@id\":\"https:\/\/combio.com.br\/uso-de-cookies\/#primaryimage\"},\"image\":{\"@id\":\"https:\/\/combio.com.br\/uso-de-cookies\/#primaryimage\"},\"thumbnailUrl\":\"https:\/\/combio.com.br\/wp-content\/uploads\/2021\/11\/Combio.png\",\"datePublished\":\"2026-01-29T06:27:09+00:00\",\"dateModified\":\"2026-01-29T06:33:02+00:00\",\"breadcrumb\":{\"@id\":\"https:\/\/combio.com.br\/uso-de-cookies\/#breadcrumb\"},\"inLanguage\":\"en-GB\",\"potentialAction\":[{\"@type\":\"ReadAction\",\"target\":[\"https:\/\/combio.com.br\/uso-de-cookies\/\"]}]},{\"@type\":\"ImageObject\",\"inLanguage\":\"en-GB\",\"@id\":\"https:\/\/combio.com.br\/uso-de-cookies\/#primaryimage\",\"url\":\"https:\/\/combio.com.br\/wp-content\/uploads\/2021\/11\/Combio.png\",\"contentUrl\":\"https:\/\/combio.com.br\/wp-content\/uploads\/2021\/11\/Combio.png\"},{\"@type\":\"BreadcrumbList\",\"@id\":\"https:\/\/combio.com.br\/uso-de-cookies\/#breadcrumb\",\"itemListElement\":[{\"@type\":\"ListItem\",\"position\":1,\"name\":\"In\u00edcio\",\"item\":\"https:\/\/combio.com.br\/\"},{\"@type\":\"ListItem\",\"position\":2,\"name\":\"Uso de Cookies\"}]},{\"@type\":\"WebSite\",\"@id\":\"https:\/\/combio.com.br\/pt_br\/#website\",\"url\":\"https:\/\/combio.com.br\/pt_br\/\",\"name\":\"ComBio\",\"description\":\"\",\"publisher\":{\"@id\":\"https:\/\/combio.com.br\/pt_br\/#organization\"},\"potentialAction\":[{\"@type\":\"SearchAction\",\"target\":{\"@type\":\"EntryPoint\",\"urlTemplate\":\"https:\/\/combio.com.br\/pt_br\/?s={search_term_string}\"},\"query-input\":{\"@type\":\"PropertyValueSpecification\",\"valueRequired\":true,\"valueName\":\"search_term_string\"}}],\"inLanguage\":\"en-GB\"},{\"@type\":\"Organization\",\"@id\":\"https:\/\/combio.com.br\/pt_br\/#organization\",\"name\":\"ComBio\",\"url\":\"https:\/\/combio.com.br\/pt_br\/\",\"logo\":{\"@type\":\"ImageObject\",\"inLanguage\":\"en-GB\",\"@id\":\"https:\/\/combio.com.br\/pt_br\/#\/schema\/logo\/image\/\",\"url\":\"https:\/\/combio.com.br\/wp-content\/uploads\/2021\/11\/Combio.png\",\"contentUrl\":\"https:\/\/combio.com.br\/wp-content\/uploads\/2021\/11\/Combio.png\",\"width\":301,\"height\":66,\"caption\":\"ComBio\"},\"image\":{\"@id\":\"https:\/\/combio.com.br\/pt_br\/#\/schema\/logo\/image\/\"}}]}<\/script>\n<!-- \/ Yoast SEO plugin. -->","yoast_head_json":{"title":"Uso de Cookies - ComBio","robots":{"index":"index","follow":"follow","max-snippet":"max-snippet:-1","max-image-preview":"max-image-preview:large","max-video-preview":"max-video-preview:-1"},"canonical":"https:\/\/combio.com.br\/en\/uso-de-cookies\/","og_locale":"en_GB","og_type":"article","og_title":"Uso de Cookies - ComBio","og_description":"RETORNAR A P\u00c1GINA INICIAL Uso de Cookies O site da ComBio utiliza cookies e tecnologias semelhantes para melhorar a experi\u00eancia de navega\u00e7\u00e3o, garantir o funcionamento adequado das p\u00e1ginas, analisar o desempenho do site e oferecer conte\u00fados mais relevantes aos usu\u00e1rios. Cookies s\u00e3o pequenos arquivos de texto armazenados no dispositivo do usu\u00e1rio quando ele acessa um [&hellip;]","og_url":"https:\/\/combio.com.br\/en\/uso-de-cookies\/","og_site_name":"ComBio","article_modified_time":"2026-01-29T06:33:02+00:00","og_image":[{"width":301,"height":66,"url":"https:\/\/combio.com.br\/wp-content\/uploads\/2021\/11\/Combio.png","type":"image\/png"}],"twitter_card":"summary_large_image","twitter_misc":{"Estimated reading time":"3 minutes"},"schema":{"@context":"https:\/\/schema.org","@graph":[{"@type":"WebPage","@id":"https:\/\/combio.com.br\/uso-de-cookies\/","url":"https:\/\/combio.com.br\/uso-de-cookies\/","name":"Uso de Cookies - ComBio","isPartOf":{"@id":"https:\/\/combio.com.br\/pt_br\/#website"},"primaryImageOfPage":{"@id":"https:\/\/combio.com.br\/uso-de-cookies\/#primaryimage"},"image":{"@id":"https:\/\/combio.com.br\/uso-de-cookies\/#primaryimage"},"thumbnailUrl":"https:\/\/combio.com.br\/wp-content\/uploads\/2021\/11\/Combio.png","datePublished":"2026-01-29T06:27:09+00:00","dateModified":"2026-01-29T06:33:02+00:00","breadcrumb":{"@id":"https:\/\/combio.com.br\/uso-de-cookies\/#breadcrumb"},"inLanguage":"en-GB","potentialAction":[{"@type":"ReadAction","target":["https:\/\/combio.com.br\/uso-de-cookies\/"]}]},{"@type":"ImageObject","inLanguage":"en-GB","@id":"https:\/\/combio.com.br\/uso-de-cookies\/#primaryimage","url":"https:\/\/combio.com.br\/wp-content\/uploads\/2021\/11\/Combio.png","contentUrl":"https:\/\/combio.com.br\/wp-content\/uploads\/2021\/11\/Combio.png"},{"@type":"BreadcrumbList","@id":"https:\/\/combio.com.br\/uso-de-cookies\/#breadcrumb","itemListElement":[{"@type":"ListItem","position":1,"name":"In\u00edcio","item":"https:\/\/combio.com.br\/"},{"@type":"ListItem","position":2,"name":"Uso de Cookies"}]},{"@type":"WebSite","@id":"https:\/\/combio.com.br\/pt_br\/#website","url":"https:\/\/combio.com.br\/pt_br\/","name":"ComBio","description":"","publisher":{"@id":"https:\/\/combio.com.br\/pt_br\/#organization"},"potentialAction":[{"@type":"SearchAction","target":{"@type":"EntryPoint","urlTemplate":"https:\/\/combio.com.br\/pt_br\/?s={search_term_string}"},"query-input":{"@type":"PropertyValueSpecification","valueRequired":true,"valueName":"search_term_string"}}],"inLanguage":"en-GB"},{"@type":"Organization","@id":"https:\/\/combio.com.br\/pt_br\/#organization","name":"ComBio","url":"https:\/\/combio.com.br\/pt_br\/","logo":{"@type":"ImageObject","inLanguage":"en-GB","@id":"https:\/\/combio.com.br\/pt_br\/#\/schema\/logo\/image\/","url":"https:\/\/combio.com.br\/wp-content\/uploads\/2021\/11\/Combio.png","contentUrl":"https:\/\/combio.com.br\/wp-content\/uploads\/2021\/11\/Combio.png","width":301,"height":66,"caption":"ComBio"},"image":{"@id":"https:\/\/combio.com.br\/pt_br\/#\/schema\/logo\/image\/"}}]}},"_links":{"self":[{"href":"https:\/\/combio.com.br\/en\/wp-json\/wp\/v2\/pages\/10821","targetHints":{"allow":["GET"]}}],"collection":[{"href":"https:\/\/combio.com.br\/en\/wp-json\/wp\/v2\/pages"}],"about":[{"href":"https:\/\/combio.com.br\/en\/wp-json\/wp\/v2\/types\/page"}],"author":[{"embeddable":true,"href":"https:\/\/combio.com.br\/en\/wp-json\/wp\/v2\/users\/3"}],"replies":[{"embeddable":true,"href":"https:\/\/combio.com.br\/en\/wp-json\/wp\/v2\/comments?post=10821"}],"version-history":[{"count":7,"href":"https:\/\/combio.com.br\/en\/wp-json\/wp\/v2\/pages\/10821\/revisions"}],"predecessor-version":[{"id":10828,"href":"https:\/\/combio.com.br\/en\/wp-json\/wp\/v2\/pages\/10821\/revisions\/10828"}],"wp:attachment":[{"href":"https:\/\/combio.com.br\/en\/wp-json\/wp\/v2\/media?parent=10821"}],"curies":[{"name":"wp","href":"https:\/\/api.w.org\/{rel}","templated":true}]}}